{"id":1030,"date":"2023-11-14T21:42:59","date_gmt":"2023-11-15T02:42:59","guid":{"rendered":"https:\/\/planozeta.com\/?page_id=1030"},"modified":"2023-11-15T23:11:00","modified_gmt":"2023-11-16T04:11:00","slug":"servicios","status":"publish","type":"page","link":"https:\/\/planozeta.com\/index.php\/servicios\/","title":{"rendered":"Servicios"},"content":{"rendered":"\t\t<div data-elementor-type=\"wp-page\" data-elementor-id=\"1030\" class=\"elementor elementor-1030\">\n\t\t\t\t<div class=\"elementor-element elementor-element-3b10ed6 e-con-full e-flex e-con e-parent\" data-id=\"3b10ed6\" data-element_type=\"container\" data-settings=\"{&quot;background_background&quot;:&quot;classic&quot;}\">\n\t\t<div class=\"elementor-element elementor-element-af129bf e-con-full e-flex e-con e-child\" data-id=\"af129bf\" data-element_type=\"container\">\n\t\t\t\t<div class=\"elementor-element elementor-element-1a54d20 content-align--mobilecta-center content-align-cta-default elementor-widget elementor-widget-eael-cta-box\" data-id=\"1a54d20\" data-element_type=\"widget\" data-widget_type=\"eael-cta-box.default\">\n\t\t\t\t<div class=\"elementor-widget-container\">\n\t\t\t\t\t<div class=\"eael-call-to-action cta-basic bg-lite cta-preset-1\">\n        <h1 class=\"title\">Descubre un nuevo horizonte para tus proyectos<\/h1><p><span style=\"color: #000000;\">Transformamos tus ideas arquitect\u00f3nicas en proyectos con servicios innovadores: dise\u00f1o, modelos BIM, realidad virtual y aumentada, y multimedia. Experimenta la evoluci\u00f3n en cada detalle de tu proyecto.<\/span><\/p><a href=\"#\" class=\"cta-button  \">Saber m\u00e1s<\/a>\t<\/div>\n\t\t\t\t\t\t<\/div>\n\t\t\t\t<\/div>\n\t\t\t\t<\/div>\n\t\t\t\t<\/div>\n\t\t<div class=\"elementor-element elementor-element-9382dca e-con-full e-flex e-con e-parent\" data-id=\"9382dca\" data-element_type=\"container\">\n\t\t\t\t<div class=\"elementor-element elementor-element-7811187 elementor-widget-divider--view-line elementor-widget elementor-widget-divider\" data-id=\"7811187\" data-element_type=\"widget\" data-widget_type=\"divider.default\">\n\t\t\t\t<div class=\"elementor-widget-container\">\n\t\t\t<style>\/*! elementor - v3.23.0 - 25-07-2024 *\/\n.elementor-widget-divider{--divider-border-style:none;--divider-border-width:1px;--divider-color:#0c0d0e;--divider-icon-size:20px;--divider-element-spacing:10px;--divider-pattern-height:24px;--divider-pattern-size:20px;--divider-pattern-url:none;--divider-pattern-repeat:repeat-x}.elementor-widget-divider .elementor-divider{display:flex}.elementor-widget-divider .elementor-divider__text{font-size:15px;line-height:1;max-width:95%}.elementor-widget-divider .elementor-divider__element{margin:0 var(--divider-element-spacing);flex-shrink:0}.elementor-widget-divider .elementor-icon{font-size:var(--divider-icon-size)}.elementor-widget-divider .elementor-divider-separator{display:flex;margin:0;direction:ltr}.elementor-widget-divider--view-line_icon .elementor-divider-separator,.elementor-widget-divider--view-line_text .elementor-divider-separator{align-items:center}.elementor-widget-divider--view-line_icon .elementor-divider-separator:after,.elementor-widget-divider--view-line_icon .elementor-divider-separator:before,.elementor-widget-divider--view-line_text .elementor-divider-separator:after,.elementor-widget-divider--view-line_text .elementor-divider-separator:before{display:block;content:\"\";border-block-end:0;flex-grow:1;border-block-start:var(--divider-border-width) var(--divider-border-style) var(--divider-color)}.elementor-widget-divider--element-align-left .elementor-divider .elementor-divider-separator>.elementor-divider__svg:first-of-type{flex-grow:0;flex-shrink:100}.elementor-widget-divider--element-align-left .elementor-divider-separator:before{content:none}.elementor-widget-divider--element-align-left .elementor-divider__element{margin-left:0}.elementor-widget-divider--element-align-right .elementor-divider .elementor-divider-separator>.elementor-divider__svg:last-of-type{flex-grow:0;flex-shrink:100}.elementor-widget-divider--element-align-right .elementor-divider-separator:after{content:none}.elementor-widget-divider--element-align-right .elementor-divider__element{margin-right:0}.elementor-widget-divider--element-align-start .elementor-divider .elementor-divider-separator>.elementor-divider__svg:first-of-type{flex-grow:0;flex-shrink:100}.elementor-widget-divider--element-align-start .elementor-divider-separator:before{content:none}.elementor-widget-divider--element-align-start .elementor-divider__element{margin-inline-start:0}.elementor-widget-divider--element-align-end .elementor-divider .elementor-divider-separator>.elementor-divider__svg:last-of-type{flex-grow:0;flex-shrink:100}.elementor-widget-divider--element-align-end .elementor-divider-separator:after{content:none}.elementor-widget-divider--element-align-end .elementor-divider__element{margin-inline-end:0}.elementor-widget-divider:not(.elementor-widget-divider--view-line_text):not(.elementor-widget-divider--view-line_icon) .elementor-divider-separator{border-block-start:var(--divider-border-width) var(--divider-border-style) var(--divider-color)}.elementor-widget-divider--separator-type-pattern{--divider-border-style:none}.elementor-widget-divider--separator-type-pattern.elementor-widget-divider--view-line .elementor-divider-separator,.elementor-widget-divider--separator-type-pattern:not(.elementor-widget-divider--view-line) .elementor-divider-separator:after,.elementor-widget-divider--separator-type-pattern:not(.elementor-widget-divider--view-line) .elementor-divider-separator:before,.elementor-widget-divider--separator-type-pattern:not([class*=elementor-widget-divider--view]) .elementor-divider-separator{width:100%;min-height:var(--divider-pattern-height);-webkit-mask-size:var(--divider-pattern-size) 100%;mask-size:var(--divider-pattern-size) 100%;-webkit-mask-repeat:var(--divider-pattern-repeat);mask-repeat:var(--divider-pattern-repeat);background-color:var(--divider-color);-webkit-mask-image:var(--divider-pattern-url);mask-image:var(--divider-pattern-url)}.elementor-widget-divider--no-spacing{--divider-pattern-size:auto}.elementor-widget-divider--bg-round{--divider-pattern-repeat:round}.rtl .elementor-widget-divider .elementor-divider__text{direction:rtl}.e-con-inner>.elementor-widget-divider,.e-con>.elementor-widget-divider{width:var(--container-widget-width,100%);--flex-grow:var(--container-widget-flex-grow)}<\/style>\t\t<div class=\"elementor-divider\">\n\t\t\t<span class=\"elementor-divider-separator\">\n\t\t\t\t\t\t<\/span>\n\t\t<\/div>\n\t\t\t\t<\/div>\n\t\t\t\t<\/div>\n\t\t\t\t<\/div>\n\t\t<div class=\"elementor-element elementor-element-caa9b46 e-con-full e-flex e-con e-parent\" data-id=\"caa9b46\" data-element_type=\"container\">\n\t\t<div class=\"elementor-element elementor-element-5075d7b e-flex e-con-boxed e-con e-child\" data-id=\"5075d7b\" data-element_type=\"container\">\n\t\t\t\t\t<div class=\"e-con-inner\">\n\t\t\t\t<div class=\"elementor-element elementor-element-b3ee264 premium-title-stroke-yes premium-title-color elementor-widget elementor-widget-premium-addon-title\" data-id=\"b3ee264\" data-element_type=\"widget\" data-widget_type=\"premium-addon-title.default\">\n\t\t\t\t<div class=\"elementor-widget-container\">\n\t\t\t\r\n\t\t<div class=\"premium-title-container style7 premium-title-bg-text\" data-background=\"\">\r\n\t\t\t<h1 class=\"premium-title-header premium-title-style7\">\r\n\t\t\t\t\t\t\t\t\t\t\t\t\t\t\t<span class=\"premium-title-style7-stripe-wrap\">\r\n\t\t\t\t\t\t\t<span class=\"premium-title-style7-stripe\"><\/span>\r\n\t\t\t\t\t\t<\/span>\r\n\t\t\t\t\t\t\t\t\t\t<div class=\"premium-title-style7-inner\">\r\n\t\t\t\t\r\n\t\t\t\t\r\n\t\t\t\t\t\t\t\t\t\t\t\t\t\t\t\t\t\t\t\t\t<span class=\"premium-title-text\" >\r\n\t\t\t\t\tNUESTROS SERVICIOS\t\t\t\t<\/span>\r\n\t\t\t\t\t\r\n\t\t\t\t\t\t\t\t\t<\/div>\r\n\t\t\t\t\t\t\t\t\t\t\t\t\t<a href=\"https:\/\/planozeta.com\/index.php\/proyectos\/\"><\/a>\r\n\t\t\t\t\t\t\t<\/h1>\r\n\t\t<\/div>\r\n\r\n\t\t\t\t<\/div>\n\t\t\t\t<\/div>\n\t\t\t\t<div class=\"elementor-element elementor-element-2bb6e79 elementor-widget elementor-widget-text-editor\" data-id=\"2bb6e79\" data-element_type=\"widget\" data-widget_type=\"text-editor.default\">\n\t\t\t\t<div class=\"elementor-widget-container\">\n\t\t\t<style>\/*! elementor - v3.23.0 - 25-07-2024 *\/\n.elementor-widget-text-editor.elementor-drop-cap-view-stacked .elementor-drop-cap{background-color:#69727d;color:#fff}.elementor-widget-text-editor.elementor-drop-cap-view-framed .elementor-drop-cap{color:#69727d;border:3px solid;background-color:transparent}.elementor-widget-text-editor:not(.elementor-drop-cap-view-default) .elementor-drop-cap{margin-top:8px}.elementor-widget-text-editor:not(.elementor-drop-cap-view-default) .elementor-drop-cap-letter{width:1em;height:1em}.elementor-widget-text-editor .elementor-drop-cap{float:left;text-align:center;line-height:1;font-size:50px}.elementor-widget-text-editor .elementor-drop-cap-letter{display:inline-block}<\/style>\t\t\t\t<p>\u00a1implementamos la tecnolog\u00eda m\u00e1s avanzada para tus proyectos!<\/p>\t\t\t\t\t\t<\/div>\n\t\t\t\t<\/div>\n\t\t\t\t\t<\/div>\n\t\t\t\t<\/div>\n\t\t\t\t<\/div>\n\t\t<div class=\"elementor-element elementor-element-ed862ff e-con-full e-flex e-con e-parent\" data-id=\"ed862ff\" data-element_type=\"container\">\n\t\t\t\t<div class=\"elementor-element elementor-element-5d28294 elementor-widget__width-inherit elementor-fixed elementor-widget elementor-widget-image\" data-id=\"5d28294\" data-element_type=\"widget\" data-settings=\"{&quot;_position&quot;:&quot;fixed&quot;}\" data-widget_type=\"image.default\">\n\t\t\t\t<div class=\"elementor-widget-container\">\n\t\t\t<style>\/*! elementor - v3.23.0 - 25-07-2024 *\/\n.elementor-widget-image{text-align:center}.elementor-widget-image a{display:inline-block}.elementor-widget-image a img[src$=\".svg\"]{width:48px}.elementor-widget-image img{vertical-align:middle;display:inline-block}<\/style>\t\t\t\t\t\t\t\t\t\t<img fetchpriority=\"high\" decoding=\"async\" width=\"2525\" height=\"1593\" src=\"https:\/\/planozeta.com\/wp-content\/uploads\/2023\/11\/Z-Gris-claro.png\" class=\"attachment-full size-full wp-image-734\" alt=\"\" srcset=\"https:\/\/planozeta.com\/wp-content\/uploads\/2023\/11\/Z-Gris-claro.png 2525w, https:\/\/planozeta.com\/wp-content\/uploads\/2023\/11\/Z-Gris-claro-300x189.png 300w, https:\/\/planozeta.com\/wp-content\/uploads\/2023\/11\/Z-Gris-claro-1024x646.png 1024w, https:\/\/planozeta.com\/wp-content\/uploads\/2023\/11\/Z-Gris-claro-768x485.png 768w, https:\/\/planozeta.com\/wp-content\/uploads\/2023\/11\/Z-Gris-claro-1536x969.png 1536w, https:\/\/planozeta.com\/wp-content\/uploads\/2023\/11\/Z-Gris-claro-2048x1292.png 2048w\" sizes=\"(max-width: 2525px) 100vw, 2525px\" \/>\t\t\t\t\t\t\t\t\t\t\t\t\t<\/div>\n\t\t\t\t<\/div>\n\t\t\t\t<\/div>\n\t\t<div class=\"elementor-element elementor-element-75ba3dd e-con-full e-flex e-con e-parent\" data-id=\"75ba3dd\" data-element_type=\"container\" data-settings=\"{&quot;background_background&quot;:&quot;classic&quot;}\">\n\t\t\t\t<div class=\"elementor-element elementor-element-5245493 elementor-widget elementor-widget-eael-feature-list\" data-id=\"5245493\" data-element_type=\"widget\" data-widget_type=\"eael-feature-list.default\">\n\t\t\t\t<div class=\"elementor-widget-container\">\n\t\t\t\t\t<div class=\"-icon-position-left -tablet-icon-position-left -mobile-icon-position-left\">\n\t\t\t<ul id=\"eael-feature-list-5245493\" class=\"eael-feature-list-items rhombus stacked connector-type-classic eael-feature-list-vertical\">\n\t\t\t                <li class=\"eael-feature-list-item elementor-repeater-item-78be138\">\n                                            <span class=\"connector\" style=\"right: calc(100% - 101px); left: 0;\"><\/span>\n                        <span class=\"connector connector-tablet\" style=\"right: calc(100% - 101px); left: 0;\"><\/span>\n                        <span class=\"connector connector-mobile\" style=\"right: calc(100% - 101px); left: 0;\"><\/span>\n                    \n\t\t\t\t\t\t<div class=\"eael-feature-list-icon-box\">\n\t\t\t\t\t\t\t<div class=\"eael-feature-list-icon-inner\">\n\n\t\t\t\t\t\t\t\t<a class=\"eael-feature-list-icon fl-icon-0\"href=\"https:\/\/planozeta.com\/index.php\/proyectos\/\">\n\n\t\t<i aria-hidden=\"true\" class=\"icons icon-pencil\"><\/i>\t\t\t\t\t\t\t\t<\/a>\n\t\t\t\t\t\t\t<\/div>\n\t\t\t\t\t\t<\/div>\n\t\t\t\t\t\t<div class=\"eael-feature-list-content-box\">\n\t\t\t\t\t\t\t<h1 class=\"eael-feature-list-title\"\t\t\t\t\t\t\t><a href=\"https:\/\/planozeta.com\/index.php\/proyectos\/\">Dise\u00f1o Arquitect\u00f3nico<\/a><\/h1\t\t\t\t\t\t>\n\t\t\t\t\t\t<p class=\"eael-feature-list-content\">Nuestro equipo especializado en dise\u00f1o arquitect\u00f3nico transforma ideas en espacios funcionales y est\u00e9ticos. Desde la conceptualizaci\u00f3n hasta la materializaci\u00f3n, brindamos soluciones adaptadas y creativas para cada proyecto.<\/p>\n\t\t\t\t\t\t<\/div>\n\n\t\t\t\t\t<\/li>\n\t\t\t\t                <li class=\"eael-feature-list-item elementor-repeater-item-baca132\">\n                                            <span class=\"connector\" style=\"right: calc(100% - 101px); left: 0;\"><\/span>\n                        <span class=\"connector connector-tablet\" style=\"right: calc(100% - 101px); left: 0;\"><\/span>\n                        <span class=\"connector connector-mobile\" style=\"right: calc(100% - 101px); left: 0;\"><\/span>\n                    \n\t\t\t\t\t\t<div class=\"eael-feature-list-icon-box\">\n\t\t\t\t\t\t\t<div class=\"eael-feature-list-icon-inner\">\n\n\t\t\t\t\t\t\t\t<a class=\"eael-feature-list-icon fl-icon-1\"href=\"https:\/\/planozeta.com\/index.php\/elementor-412\/\">\n\n\t\t<i aria-hidden=\"true\" class=\" las la-cube\"><\/i>\t\t\t\t\t\t\t\t<\/a>\n\t\t\t\t\t\t\t<\/div>\n\t\t\t\t\t\t<\/div>\n\t\t\t\t\t\t<div class=\"eael-feature-list-content-box\">\n\t\t\t\t\t\t\t<h1 class=\"eael-feature-list-title\"\t\t\t\t\t\t\t><a href=\"https:\/\/planozeta.com\/index.php\/elementor-412\/\">Modelos BIM<\/a><\/h1\t\t\t\t\t\t>\n\t\t\t\t\t\t<p class=\"eael-feature-list-content\">A trav\u00e9s de la metodolog\u00eda BIM, creamos modelos detallados en 3D que permiten una visualizaci\u00f3n completa de los proyectos. Esta herramienta posibilita una planificaci\u00f3n precisa y eficiente, mejorando la toma de decisiones y la gesti\u00f3n de recursos.<\/p>\n\t\t\t\t\t\t<\/div>\n\n\t\t\t\t\t<\/li>\n\t\t\t\t                <li class=\"eael-feature-list-item elementor-repeater-item-516c432\">\n                                            <span class=\"connector\" style=\"right: calc(100% - 101px); left: 0;\"><\/span>\n                        <span class=\"connector connector-tablet\" style=\"right: calc(100% - 101px); left: 0;\"><\/span>\n                        <span class=\"connector connector-mobile\" style=\"right: calc(100% - 101px); left: 0;\"><\/span>\n                    \n\t\t\t\t\t\t<div class=\"eael-feature-list-icon-box\">\n\t\t\t\t\t\t\t<div class=\"eael-feature-list-icon-inner\">\n\n\t\t\t\t\t\t\t\t<a class=\"eael-feature-list-icon fl-icon-2\"href=\"https:\/\/planozeta.com\/index.php\/elementor-412\/\">\n\n\t\t<i aria-hidden=\"true\" class=\"mdi mdi-safety-goggles\"><\/i>\t\t\t\t\t\t\t\t<\/a>\n\t\t\t\t\t\t\t<\/div>\n\t\t\t\t\t\t<\/div>\n\t\t\t\t\t\t<div class=\"eael-feature-list-content-box\">\n\t\t\t\t\t\t\t<h1 class=\"eael-feature-list-title\"\t\t\t\t\t\t\t><a href=\"https:\/\/planozeta.com\/index.php\/elementor-412\/\">Realidad Virtual<\/a><\/h1\t\t\t\t\t\t>\n\t\t\t\t\t\t<p class=\"eael-feature-list-content\">Utilizamos la realidad virtual para sumergir a nuestros clientes en sus futuros proyectos. Esta tecnolog\u00eda permite experiencias inmersivas, donde pueden explorar y comprender a fondo los dise\u00f1os antes de su ejecuci\u00f3n.<\/p>\n\t\t\t\t\t\t<\/div>\n\n\t\t\t\t\t<\/li>\n\t\t\t\t                <li class=\"eael-feature-list-item elementor-repeater-item-29b6238\">\n                                            <span class=\"connector\" style=\"right: calc(100% - 101px); left: 0;\"><\/span>\n                        <span class=\"connector connector-tablet\" style=\"right: calc(100% - 101px); left: 0;\"><\/span>\n                        <span class=\"connector connector-mobile\" style=\"right: calc(100% - 101px); left: 0;\"><\/span>\n                    \n\t\t\t\t\t\t<div class=\"eael-feature-list-icon-box\">\n\t\t\t\t\t\t\t<div class=\"eael-feature-list-icon-inner\">\n\n\t\t\t\t\t\t\t\t<a class=\"eael-feature-list-icon fl-icon-3\"href=\"https:\/\/www.youtube.com\/watch?v=-p7LjOFmrMs&#038;feature=youtu.be\">\n\n\t\t<i aria-hidden=\"true\" class=\"mdi mdi-rotate-3d\"><\/i>\t\t\t\t\t\t\t\t<\/a>\n\t\t\t\t\t\t\t<\/div>\n\t\t\t\t\t\t<\/div>\n\t\t\t\t\t\t<div class=\"eael-feature-list-content-box\">\n\t\t\t\t\t\t\t<h1 class=\"eael-feature-list-title\"\t\t\t\t\t\t\t><a href=\"https:\/\/www.youtube.com\/watch?v=-p7LjOFmrMs&#038;feature=youtu.be\">Realidad Aumentada<\/a><\/h1\t\t\t\t\t\t>\n\t\t\t\t\t\t<p class=\"eael-feature-list-content\">La realidad aumentada complementa la experiencia al superponer elementos virtuales en el entorno real. Esta herramienta facilita la comprensi\u00f3n espacial y la interacci\u00f3n con dise\u00f1os arquitect\u00f3nicos.<\/p>\n\t\t\t\t\t\t<\/div>\n\n\t\t\t\t\t<\/li>\n\t\t\t\t                <li class=\"eael-feature-list-item elementor-repeater-item-e1284d3\">\n                                            <span class=\"connector\" style=\"right: calc(100% - 101px); left: 0;\"><\/span>\n                        <span class=\"connector connector-tablet\" style=\"right: calc(100% - 101px); left: 0;\"><\/span>\n                        <span class=\"connector connector-mobile\" style=\"right: calc(100% - 101px); left: 0;\"><\/span>\n                    \n\t\t\t\t\t\t<div class=\"eael-feature-list-icon-box\">\n\t\t\t\t\t\t\t<div class=\"eael-feature-list-icon-inner\">\n\n\t\t\t\t\t\t\t\t<a class=\"eael-feature-list-icon fl-icon-4\"href=\"https:\/\/planozeta.com\/index.php\/proyectos\/\">\n\n\t\t<i aria-hidden=\"true\" class=\"ion ion-ios-desktop\"><\/i>\t\t\t\t\t\t\t\t<\/a>\n\t\t\t\t\t\t\t<\/div>\n\t\t\t\t\t\t<\/div>\n\t\t\t\t\t\t<div class=\"eael-feature-list-content-box\">\n\t\t\t\t\t\t\t<h1 class=\"eael-feature-list-title\"\t\t\t\t\t\t\t><a href=\"https:\/\/planozeta.com\/index.php\/proyectos\/\">Multimedia Arquitect\u00f3nica<\/a><\/h1\t\t\t\t\t\t>\n\t\t\t\t\t\t<p class=\"eael-feature-list-content\">Nuestros renders y videos muestran una representaci\u00f3n visual detallada y realista de los proyectos arquitect\u00f3nicos. Estas representaciones din\u00e1micas dan vida a las ideas, permitiendo una mejor comprensi\u00f3n y apreciaci\u00f3n de los dise\u00f1os propuestos.<\/p>\n\t\t\t\t\t\t<\/div>\n\n\t\t\t\t\t<\/li>\n\t\t\t\t\t\t\t<\/ul>\n\t\t<\/div>\n\t\t\t\t<\/div>\n\t\t\t\t<\/div>\n\t\t\t\t<\/div>\n\t\t<div class=\"elementor-element elementor-element-e597d42 e-con-full e-flex e-con e-parent\" data-id=\"e597d42\" data-element_type=\"container\">\n\t\t\t\t<div class=\"elementor-element elementor-element-b568a09 elementor-widget-divider--view-line elementor-widget elementor-widget-divider\" data-id=\"b568a09\" data-element_type=\"widget\" data-widget_type=\"divider.default\">\n\t\t\t\t<div class=\"elementor-widget-container\">\n\t\t\t\t\t<div class=\"elementor-divider\">\n\t\t\t<span class=\"elementor-divider-separator\">\n\t\t\t\t\t\t<\/span>\n\t\t<\/div>\n\t\t\t\t<\/div>\n\t\t\t\t<\/div>\n\t\t\t\t<\/div>\n\t\t<div class=\"elementor-element elementor-element-69034b4 e-con-full e-flex e-con e-parent\" data-id=\"69034b4\" data-element_type=\"container\" data-settings=\"{&quot;background_background&quot;:&quot;classic&quot;}\">\n\t\t\t\t<div class=\"elementor-element elementor-element-fafb98e eael-dual-header-content-align-center elementor-widget elementor-widget-eael-dual-color-header\" data-id=\"fafb98e\" data-element_type=\"widget\" data-widget_type=\"eael-dual-color-header.default\">\n\t\t\t\t<div class=\"elementor-widget-container\">\n\t\t\t\n\t\t        <div class=\"eael-dual-header\">\n\t\t\t\t<h2 class=\"title\">\n\t\t\t<span  class=\"lead solid-color\">\u00a1Haz realidad tus<\/span>\n\t\t\t<span>Proyectos con nosotros!<\/span>\n\t\t<\/h2>\n\t\t<div class=\"eael-dch-separator-wrap\"><span class=\"separator-one\"><\/span>\n\t\t\t<span class=\"separator-two\"><\/span><\/div>\t\t<span class=\"subtext\"><p><span style=\"color: #333333\">Contacta ahora y d\u00e9janos llevar tus ideas m\u00e1s all\u00e1 de la imaginaci\u00f3n<\/span><\/p><\/span>\n\t\t\t\t\t<span class=\"eael-dch-svg-icon\"><\/span>\t\t\t\t<\/div>\n\t\n\t\t\n\t\t\n\t\t\n\t\t\t\t<\/div>\n\t\t\t\t<\/div>\n\t\t\t\t<div class=\"elementor-element elementor-element-0e3f2ab elementor-widget elementor-widget-eael-creative-button\" data-id=\"0e3f2ab\" data-element_type=\"widget\" data-widget_type=\"eael-creative-button.default\">\n\t\t\t\t<div class=\"elementor-widget-container\">\n\t\t\t        <div class=\"eael-creative-button-wrapper\">\n\n            <a class=\"eael-creative-button eael-creative-button--tamaya\" href=\"https:\/\/planozeta.com\/index.php\/contacto\/\" data-text=\"Cont\u00e1ctanos!\">\n\n\t                <div class=\"eael-creative-button--tamaya-secondary eael-creative-button--tamaya-before\"><span>Cont\u00e1ctanos!<\/span><\/div>\n        \n                <div class=\"creative-button-inner\">\n\n                    \n                    <span class=\"cretive-button-text\">Enviar mensaje!<\/span>\n\n                                    <\/div>\n\t                                <div class=\"eael-creative-button--tamaya-secondary eael-creative-button--tamaya-after\"><span>Cont\u00e1ctanos!<\/span><\/div>\n\t                        <\/a>\n        <\/div>\n\t\t<\/div>\n\t\t\t\t<\/div>\n\t\t\t\t<\/div>\n\t\t\t\t<\/div>\n\t\t","protected":false},"excerpt":{"rendered":"<p>Descubre un nuevo horizonte para tus proyectos Transformamos tus ideas arquitect\u00f3nicas en proyectos con servicios innovadores: dise\u00f1o, modelos BIM, realidad virtual y aumentada, y multimedia. Experimenta la evoluci\u00f3n en cada detalle de tu proyecto. Saber m\u00e1s NUESTROS SERVICIOS \u00a1implementamos la tecnolog\u00eda m\u00e1s avanzada para tus proyectos! Dise\u00f1o Arquitect\u00f3nico Nuestro equipo especializado en dise\u00f1o arquitect\u00f3nico transforma [&hellip;]<\/p>\n","protected":false},"author":1,"featured_media":0,"parent":0,"menu_order":0,"comment_status":"closed","ping_status":"closed","template":"","meta":{"_monsterinsights_skip_tracking":false,"_monsterinsights_sitenote_active":false,"_monsterinsights_sitenote_note":"","_monsterinsights_sitenote_category":0,"footnotes":""},"class_list":["post-1030","page","type-page","status-publish","hentry"],"aioseo_notices":[],"_links":{"self":[{"href":"https:\/\/planozeta.com\/index.php\/wp-json\/wp\/v2\/pages\/1030","targetHints":{"allow":["GET"]}}],"collection":[{"href":"https:\/\/planozeta.com\/index.php\/wp-json\/wp\/v2\/pages"}],"about":[{"href":"https:\/\/planozeta.com\/index.php\/wp-json\/wp\/v2\/types\/page"}],"author":[{"embeddable":true,"href":"https:\/\/planozeta.com\/index.php\/wp-json\/wp\/v2\/users\/1"}],"replies":[{"embeddable":true,"href":"https:\/\/planozeta.com\/index.php\/wp-json\/wp\/v2\/comments?post=1030"}],"version-history":[{"count":8,"href":"https:\/\/planozeta.com\/index.php\/wp-json\/wp\/v2\/pages\/1030\/revisions"}],"predecessor-version":[{"id":1100,"href":"https:\/\/planozeta.com\/index.php\/wp-json\/wp\/v2\/pages\/1030\/revisions\/1100"}],"wp:attachment":[{"href":"https:\/\/planozeta.com\/index.php\/wp-json\/wp\/v2\/media?parent=1030"}],"curies":[{"name":"wp","href":"https:\/\/api.w.org\/{rel}","templated":true}]}}