{"id":157,"date":"2023-10-22T12:37:33","date_gmt":"2023-10-22T17:37:33","guid":{"rendered":"https:\/\/planozeta.com\/?page_id=157"},"modified":"2023-11-11T22:45:22","modified_gmt":"2023-11-12T03:45:22","slug":"hogar-en-la-montana-viviendo-en-las-alturas-rurales","status":"publish","type":"page","link":"https:\/\/planozeta.com\/index.php\/proyectos\/hogar-en-la-montana-viviendo-en-las-alturas-rurales\/","title":{"rendered":"HOGAR EN LA MONTA\u00d1A &#8211; Viviendo en las alturas rurales"},"content":{"rendered":"\t\t<div data-elementor-type=\"wp-page\" data-elementor-id=\"157\" class=\"elementor elementor-157\">\n\t\t\t\t<div class=\"elementor-element elementor-element-7b115cd3 e-flex e-con-boxed e-con e-parent\" data-id=\"7b115cd3\" data-element_type=\"container\">\n\t\t\t\t\t<div class=\"e-con-inner\">\n\t\t<div class=\"elementor-element elementor-element-778778a0 e-flex e-con-boxed e-con e-child\" data-id=\"778778a0\" data-element_type=\"container\">\n\t\t\t\t\t<div class=\"e-con-inner\">\n\t\t\t\t<div class=\"elementor-element elementor-element-3c118981 elementor-widget elementor-widget-heading\" data-id=\"3c118981\" data-element_type=\"widget\" data-widget_type=\"heading.default\">\n\t\t\t\t<div class=\"elementor-widget-container\">\n\t\t\t<style>\/*! elementor - v3.23.0 - 25-07-2024 *\/\n.elementor-heading-title{padding:0;margin:0;line-height:1}.elementor-widget-heading .elementor-heading-title[class*=elementor-size-]>a{color:inherit;font-size:inherit;line-height:inherit}.elementor-widget-heading .elementor-heading-title.elementor-size-small{font-size:15px}.elementor-widget-heading .elementor-heading-title.elementor-size-medium{font-size:19px}.elementor-widget-heading .elementor-heading-title.elementor-size-large{font-size:29px}.elementor-widget-heading .elementor-heading-title.elementor-size-xl{font-size:39px}.elementor-widget-heading .elementor-heading-title.elementor-size-xxl{font-size:59px}<\/style><h1 class=\"elementor-heading-title elementor-size-xl\">HOGAR EN LAS MONTA\u00d1AS<\/h1>\t\t<\/div>\n\t\t\t\t<\/div>\n\t\t<div class=\"elementor-element elementor-element-616b8712 e-con-full e-flex e-con e-child\" data-id=\"616b8712\" data-element_type=\"container\">\n\t\t\t\t<div class=\"elementor-element elementor-element-777025b4 elementor-widget elementor-widget-heading\" data-id=\"777025b4\" data-element_type=\"widget\" data-widget_type=\"heading.default\">\n\t\t\t\t<div class=\"elementor-widget-container\">\n\t\t\t<h2 class=\"elementor-heading-title elementor-size-large\">Viviendo en las alturas rurales<\/h2>\t\t<\/div>\n\t\t\t\t<\/div>\n\t\t\t\t<\/div>\n\t\t\t\t\t<\/div>\n\t\t\t\t<\/div>\n\t\t\t\t<div class=\"elementor-element elementor-element-3f943a5f elementor-widget elementor-widget-image\" data-id=\"3f943a5f\" data-element_type=\"widget\" data-widget_type=\"image.default\">\n\t\t\t\t<div class=\"elementor-widget-container\">\n\t\t\t<style>\/*! elementor - v3.23.0 - 25-07-2024 *\/\n.elementor-widget-image{text-align:center}.elementor-widget-image a{display:inline-block}.elementor-widget-image a img[src$=\".svg\"]{width:48px}.elementor-widget-image img{vertical-align:middle;display:inline-block}<\/style>\t\t\t\t\t\t\t\t\t\t<img fetchpriority=\"high\" decoding=\"async\" width=\"800\" height=\"424\" src=\"https:\/\/planozeta.com\/wp-content\/uploads\/2023\/11\/Fachada-1-PORTADA-2-1024x543.png\" class=\"attachment-large size-large wp-image-820\" alt=\"\" srcset=\"https:\/\/planozeta.com\/wp-content\/uploads\/2023\/11\/Fachada-1-PORTADA-2-1024x543.png 1024w, https:\/\/planozeta.com\/wp-content\/uploads\/2023\/11\/Fachada-1-PORTADA-2-300x159.png 300w, https:\/\/planozeta.com\/wp-content\/uploads\/2023\/11\/Fachada-1-PORTADA-2-768x408.png 768w, https:\/\/planozeta.com\/wp-content\/uploads\/2023\/11\/Fachada-1-PORTADA-2-1536x815.png 1536w, https:\/\/planozeta.com\/wp-content\/uploads\/2023\/11\/Fachada-1-PORTADA-2.png 1920w\" sizes=\"(max-width: 800px) 100vw, 800px\" \/>\t\t\t\t\t\t\t\t\t\t\t\t\t<\/div>\n\t\t\t\t<\/div>\n\t\t\t\t\t<\/div>\n\t\t\t\t<\/div>\n\t\t<div class=\"elementor-element elementor-element-4c1756e e-flex e-con-boxed e-con e-parent\" data-id=\"4c1756e\" data-element_type=\"container\">\n\t\t\t\t\t<div class=\"e-con-inner\">\n\t\t\t\t<div class=\"elementor-element elementor-element-13bc15c elementor-widget elementor-widget-text-editor\" data-id=\"13bc15c\" data-element_type=\"widget\" data-widget_type=\"text-editor.default\">\n\t\t\t\t<div class=\"elementor-widget-container\">\n\t\t\t<style>\/*! elementor - v3.23.0 - 25-07-2024 *\/\n.elementor-widget-text-editor.elementor-drop-cap-view-stacked .elementor-drop-cap{background-color:#69727d;color:#fff}.elementor-widget-text-editor.elementor-drop-cap-view-framed .elementor-drop-cap{color:#69727d;border:3px solid;background-color:transparent}.elementor-widget-text-editor:not(.elementor-drop-cap-view-default) .elementor-drop-cap{margin-top:8px}.elementor-widget-text-editor:not(.elementor-drop-cap-view-default) .elementor-drop-cap-letter{width:1em;height:1em}.elementor-widget-text-editor .elementor-drop-cap{float:left;text-align:center;line-height:1;font-size:50px}.elementor-widget-text-editor .elementor-drop-cap-letter{display:inline-block}<\/style>\t\t\t\t<h6><span style=\"font-weight: 400; color: #000000;\">Descubre nuestro proyecto arquitect\u00f3nico enclavado en las majestuosas monta\u00f1as del Valle del Cauca, un hogar concebido con un sistema arquitect\u00f3nico modular basado en p\u00f3rticos de madera. Este dise\u00f1o permite una evoluci\u00f3n progresiva en el tiempo, adapt\u00e1ndose a los recursos del propietario y otorg\u00e1ndole la posibilidad de personalizar su vivienda seg\u00fan sus necesidades. <\/span><span style=\"font-weight: 400; color: #000000;\">Adem\u00e1s, presentamos un sistema de cerramiento vers\u00e1til, adaptable a los valores del entorno, dise\u00f1ado para fusionarse con el paisaje y transformarse seg\u00fan las necesidades del lugar.<\/span><\/h6>\t\t\t\t\t\t<\/div>\n\t\t\t\t<\/div>\n\t\t\t\t\t<\/div>\n\t\t\t\t<\/div>\n\t\t<div class=\"elementor-element elementor-element-3a0c51d7 e-flex e-con-boxed e-con e-parent\" data-id=\"3a0c51d7\" data-element_type=\"container\">\n\t\t\t\t\t<div class=\"e-con-inner\">\n\t\t<div class=\"elementor-element elementor-element-11b8b92b e-con-full e-flex e-con e-child\" data-id=\"11b8b92b\" data-element_type=\"container\">\n\t\t\t\t<div class=\"elementor-element elementor-element-28a3018 elementor-widget elementor-widget-image\" data-id=\"28a3018\" data-element_type=\"widget\" data-widget_type=\"image.default\">\n\t\t\t\t<div class=\"elementor-widget-container\">\n\t\t\t\t\t\t\t\t\t\t\t\t\t<img decoding=\"async\" width=\"800\" height=\"800\" src=\"https:\/\/planozeta.com\/wp-content\/uploads\/2023\/11\/Fachada-2-cuadrada-1024x1024.png\" class=\"attachment-large size-large wp-image-822\" alt=\"\" srcset=\"https:\/\/planozeta.com\/wp-content\/uploads\/2023\/11\/Fachada-2-cuadrada-1024x1024.png 1024w, https:\/\/planozeta.com\/wp-content\/uploads\/2023\/11\/Fachada-2-cuadrada-300x300.png 300w, https:\/\/planozeta.com\/wp-content\/uploads\/2023\/11\/Fachada-2-cuadrada-150x150.png 150w, https:\/\/planozeta.com\/wp-content\/uploads\/2023\/11\/Fachada-2-cuadrada-768x767.png 768w, https:\/\/planozeta.com\/wp-content\/uploads\/2023\/11\/Fachada-2-cuadrada.png 1508w\" sizes=\"(max-width: 800px) 100vw, 800px\" \/>\t\t\t\t\t\t\t\t\t\t\t\t\t<\/div>\n\t\t\t\t<\/div>\n\t\t\t\t<\/div>\n\t\t<div class=\"elementor-element elementor-element-6b1b08b6 e-con-full e-flex e-con e-child\" data-id=\"6b1b08b6\" data-element_type=\"container\">\n\t\t\t\t<div class=\"elementor-element elementor-element-60a1c7c3 elementor-widget elementor-widget-text-editor\" data-id=\"60a1c7c3\" data-element_type=\"widget\" data-widget_type=\"text-editor.default\">\n\t\t\t\t<div class=\"elementor-widget-container\">\n\t\t\t\t\t\t\t<h6><span style=\"font-weight: 400; color: #000000;\">Nuestro hogar rural est\u00e1 ideado para familias en b\u00fasqueda de un refugio campestre, un espacio para la reflexi\u00f3n y el disfrute en familia. La arquitectura de esta residencia se caracteriza por el respeto al paisaje y la implementaci\u00f3n de materiales locales, subrayando nuestro compromiso con la sostenibilidad.<\/span><\/h6><h6><span style=\"font-weight: 400; color: #000000;\">Un aspecto fundamental en la concepci\u00f3n de este proyecto fue la sostenibilidad. La disposici\u00f3n de la cubierta permite la recolecci\u00f3n de aguas pluviales para el riego de \u00e1reas verdes y otros usos. Adem\u00e1s, la instalaci\u00f3n de paneles solares sobre la cubierta maximiza el aprovechamiento de la energ\u00eda solar, enfoc\u00e1ndonos en un dise\u00f1o respetuoso con el entorno y eficiente en su consumo.<\/span><\/h6><h6>\u00a0<\/h6>\t\t\t\t\t\t<\/div>\n\t\t\t\t<\/div>\n\t\t\t\t<\/div>\n\t\t\t\t\t<\/div>\n\t\t\t\t<\/div>\n\t\t<div class=\"elementor-element elementor-element-38a798f e-flex e-con-boxed e-con e-parent\" data-id=\"38a798f\" data-element_type=\"container\">\n\t\t\t\t\t<div class=\"e-con-inner\">\n\t\t\t\t\t<\/div>\n\t\t\t\t<\/div>\n\t\t<div class=\"elementor-element elementor-element-339ebeb e-flex e-con-boxed e-con e-parent\" data-id=\"339ebeb\" data-element_type=\"container\">\n\t\t\t\t\t<div class=\"e-con-inner\">\n\t\t\t\t<div class=\"elementor-element elementor-element-25847c8 elementor-arrows-position-inside elementor-pagination-position-outside elementor-widget elementor-widget-image-carousel\" data-id=\"25847c8\" data-element_type=\"widget\" data-settings=\"{&quot;slides_to_show&quot;:&quot;1&quot;,&quot;navigation&quot;:&quot;both&quot;,&quot;autoplay&quot;:&quot;yes&quot;,&quot;pause_on_hover&quot;:&quot;yes&quot;,&quot;pause_on_interaction&quot;:&quot;yes&quot;,&quot;autoplay_speed&quot;:5000,&quot;infinite&quot;:&quot;yes&quot;,&quot;effect&quot;:&quot;slide&quot;,&quot;speed&quot;:500}\" data-widget_type=\"image-carousel.default\">\n\t\t\t\t<div class=\"elementor-widget-container\">\n\t\t\t<style>\/*! elementor - v3.23.0 - 25-07-2024 *\/\n.elementor-widget-image-carousel .swiper,.elementor-widget-image-carousel .swiper-container{position:static}.elementor-widget-image-carousel .swiper-container .swiper-slide figure,.elementor-widget-image-carousel .swiper .swiper-slide figure{line-height:inherit}.elementor-widget-image-carousel .swiper-slide{text-align:center}.elementor-image-carousel-wrapper:not(.swiper-container-initialized):not(.swiper-initialized) .swiper-slide{max-width:calc(100% \/ var(--e-image-carousel-slides-to-show, 3))}<\/style>\t\t<div class=\"elementor-image-carousel-wrapper swiper\" dir=\"ltr\">\n\t\t\t<div class=\"elementor-image-carousel swiper-wrapper\" aria-live=\"off\">\n\t\t\t\t\t\t\t\t<div class=\"swiper-slide\" role=\"group\" aria-roledescription=\"slide\" aria-label=\"1 of 3\"><figure class=\"swiper-slide-inner\"><img decoding=\"async\" class=\"swiper-slide-image\" src=\"https:\/\/planozeta.com\/wp-content\/uploads\/2023\/11\/Acceso-1-hor-1024x543.png\" alt=\"Acceso 1 hor\" \/><\/figure><\/div><div class=\"swiper-slide\" role=\"group\" aria-roledescription=\"slide\" aria-label=\"2 of 3\"><figure class=\"swiper-slide-inner\"><img decoding=\"async\" class=\"swiper-slide-image\" src=\"https:\/\/planozeta.com\/wp-content\/uploads\/2023\/11\/Cocina-1-hor-1024x543.png\" alt=\"Cocina 1 hor\" \/><\/figure><\/div><div class=\"swiper-slide\" role=\"group\" aria-roledescription=\"slide\" aria-label=\"3 of 3\"><figure class=\"swiper-slide-inner\"><img decoding=\"async\" class=\"swiper-slide-image\" src=\"https:\/\/planozeta.com\/wp-content\/uploads\/2023\/11\/Patio-5-hor-1024x543.png\" alt=\"Patio 5 hor\" \/><\/figure><\/div>\t\t\t<\/div>\n\t\t\t\t\t\t\t\t\t\t\t\t<div class=\"elementor-swiper-button elementor-swiper-button-prev\" role=\"button\" tabindex=\"0\">\n\t\t\t\t\t\t<i aria-hidden=\"true\" class=\"eicon-chevron-left\"><\/i>\t\t\t\t\t<\/div>\n\t\t\t\t\t<div class=\"elementor-swiper-button elementor-swiper-button-next\" role=\"button\" tabindex=\"0\">\n\t\t\t\t\t\t<i aria-hidden=\"true\" class=\"eicon-chevron-right\"><\/i>\t\t\t\t\t<\/div>\n\t\t\t\t\n\t\t\t\t\t\t\t\t\t<div class=\"swiper-pagination\"><\/div>\n\t\t\t\t\t\t\t\t\t<\/div>\n\t\t\t\t<\/div>\n\t\t\t\t<\/div>\n\t\t\t\t<div class=\"elementor-element elementor-element-a1f84ae elementor-widget elementor-widget-text-editor\" data-id=\"a1f84ae\" data-element_type=\"widget\" data-widget_type=\"text-editor.default\">\n\t\t\t\t<div class=\"elementor-widget-container\">\n\t\t\t\t\t\t\t<h6><span style=\"font-weight: 400; color: #000000;\">Para el desarrollo de este proyecto, aplicamos la metodolog\u00eda BIM para proyectar antes de construir, brindando a nuestros clientes un control detallado sobre los sistemas previamente descritos. Asimismo, creamos un modelo de realidad virtual, permitiendo a los habitantes visualizar su futuro hogar, brind\u00e1ndoles una experiencia \u00fanica en la toma de decisiones y asegurando la realizaci\u00f3n de sus sue\u00f1os.<\/span><\/h6>\t\t\t\t\t\t<\/div>\n\t\t\t\t<\/div>\n\t\t\t\t<div class=\"elementor-element elementor-element-3fe2ba1 elementor-align-center elementor-widget elementor-widget-button\" data-id=\"3fe2ba1\" data-element_type=\"widget\" data-widget_type=\"button.default\">\n\t\t\t\t<div class=\"elementor-widget-container\">\n\t\t\t\t\t<div class=\"elementor-button-wrapper\">\n\t\t\t<a class=\"elementor-button elementor-button-link elementor-size-md\" href=\"https:\/\/planozeta.com\/index.php\/proyectos\/hogar-en-la-montana-viviendo-en-las-alturas-rurales\/\">\n\t\t\t\t\t\t<span class=\"elementor-button-content-wrapper\">\n\t\t\t\t\t\t\t\t\t<span class=\"elementor-button-text\">Siguiente<\/span>\n\t\t\t\t\t<\/span>\n\t\t\t\t\t<\/a>\n\t\t<\/div>\n\t\t\t\t<\/div>\n\t\t\t\t<\/div>\n\t\t\t\t\t<\/div>\n\t\t\t\t<\/div>\n\t\t\t\t<\/div>\n\t\t","protected":false},"excerpt":{"rendered":"<p>HOGAR EN LAS MONTA\u00d1AS Viviendo en las alturas rurales Descubre nuestro proyecto arquitect\u00f3nico enclavado en las majestuosas monta\u00f1as del Valle del Cauca, un hogar concebido con un sistema arquitect\u00f3nico modular basado en p\u00f3rticos de madera. Este dise\u00f1o permite una evoluci\u00f3n progresiva en el tiempo, adapt\u00e1ndose a los recursos del propietario y otorg\u00e1ndole la posibilidad de [&hellip;]<\/p>\n","protected":false},"author":2,"featured_media":0,"parent":22,"menu_order":0,"comment_status":"closed","ping_status":"closed","template":"","meta":{"_monsterinsights_skip_tracking":false,"_monsterinsights_sitenote_active":false,"_monsterinsights_sitenote_note":"","_monsterinsights_sitenote_category":0,"footnotes":""},"class_list":["post-157","page","type-page","status-publish","hentry"],"aioseo_notices":[],"_links":{"self":[{"href":"https:\/\/planozeta.com\/index.php\/wp-json\/wp\/v2\/pages\/157","targetHints":{"allow":["GET"]}}],"collection":[{"href":"https:\/\/planozeta.com\/index.php\/wp-json\/wp\/v2\/pages"}],"about":[{"href":"https:\/\/planozeta.com\/index.php\/wp-json\/wp\/v2\/types\/page"}],"author":[{"embeddable":true,"href":"https:\/\/planozeta.com\/index.php\/wp-json\/wp\/v2\/users\/2"}],"replies":[{"embeddable":true,"href":"https:\/\/planozeta.com\/index.php\/wp-json\/wp\/v2\/comments?post=157"}],"version-history":[{"count":7,"href":"https:\/\/planozeta.com\/index.php\/wp-json\/wp\/v2\/pages\/157\/revisions"}],"predecessor-version":[{"id":831,"href":"https:\/\/planozeta.com\/index.php\/wp-json\/wp\/v2\/pages\/157\/revisions\/831"}],"up":[{"embeddable":true,"href":"https:\/\/planozeta.com\/index.php\/wp-json\/wp\/v2\/pages\/22"}],"wp:attachment":[{"href":"https:\/\/planozeta.com\/index.php\/wp-json\/wp\/v2\/media?parent=157"}],"curies":[{"name":"wp","href":"https:\/\/api.w.org\/{rel}","templated":true}]}}