{"id":161,"date":"2023-10-22T12:40:47","date_gmt":"2023-10-22T17:40:47","guid":{"rendered":"https:\/\/planozeta.com\/?page_id=161"},"modified":"2023-11-11T22:17:58","modified_gmt":"2023-11-12T03:17:58","slug":"casa-entre-palmas-naturaleza-en-tu-puerta","status":"publish","type":"page","link":"https:\/\/planozeta.com\/index.php\/proyectos\/casa-entre-palmas-naturaleza-en-tu-puerta\/","title":{"rendered":"CASA ENTRE PALMAS &#8211; Naturaleza en tu puerta"},"content":{"rendered":"\t\t<div data-elementor-type=\"wp-page\" data-elementor-id=\"161\" class=\"elementor elementor-161\">\n\t\t\t\t<div class=\"elementor-element elementor-element-ac2a907 e-flex e-con-boxed e-con e-parent\" data-id=\"ac2a907\" data-element_type=\"container\">\n\t\t\t\t\t<div class=\"e-con-inner\">\n\t\t<div class=\"elementor-element elementor-element-02a3840 e-flex e-con-boxed e-con e-child\" data-id=\"02a3840\" data-element_type=\"container\">\n\t\t\t\t\t<div class=\"e-con-inner\">\n\t\t\t\t<div class=\"elementor-element elementor-element-50491fc elementor-widget elementor-widget-heading\" data-id=\"50491fc\" data-element_type=\"widget\" data-widget_type=\"heading.default\">\n\t\t\t\t<div class=\"elementor-widget-container\">\n\t\t\t<style>\/*! elementor - v3.23.0 - 25-07-2024 *\/\n.elementor-heading-title{padding:0;margin:0;line-height:1}.elementor-widget-heading .elementor-heading-title[class*=elementor-size-]>a{color:inherit;font-size:inherit;line-height:inherit}.elementor-widget-heading .elementor-heading-title.elementor-size-small{font-size:15px}.elementor-widget-heading .elementor-heading-title.elementor-size-medium{font-size:19px}.elementor-widget-heading .elementor-heading-title.elementor-size-large{font-size:29px}.elementor-widget-heading .elementor-heading-title.elementor-size-xl{font-size:39px}.elementor-widget-heading .elementor-heading-title.elementor-size-xxl{font-size:59px}<\/style><h1 class=\"elementor-heading-title elementor-size-xl\">CASA ENTRE PALMAS <\/h1>\t\t<\/div>\n\t\t\t\t<\/div>\n\t\t<div class=\"elementor-element elementor-element-483462f e-con-full e-flex e-con e-child\" data-id=\"483462f\" data-element_type=\"container\">\n\t\t\t\t<div class=\"elementor-element elementor-element-bd02db3 elementor-widget elementor-widget-heading\" data-id=\"bd02db3\" data-element_type=\"widget\" data-widget_type=\"heading.default\">\n\t\t\t\t<div class=\"elementor-widget-container\">\n\t\t\t<h2 class=\"elementor-heading-title elementor-size-large\">Naturaleza en tu Puerta<\/h2>\t\t<\/div>\n\t\t\t\t<\/div>\n\t\t\t\t<\/div>\n\t\t\t\t\t<\/div>\n\t\t\t\t<\/div>\n\t\t\t\t<div class=\"elementor-element elementor-element-7e956a1 elementor-widget elementor-widget-image\" data-id=\"7e956a1\" data-element_type=\"widget\" data-widget_type=\"image.default\">\n\t\t\t\t<div class=\"elementor-widget-container\">\n\t\t\t<style>\/*! elementor - v3.23.0 - 25-07-2024 *\/\n.elementor-widget-image{text-align:center}.elementor-widget-image a{display:inline-block}.elementor-widget-image a img[src$=\".svg\"]{width:48px}.elementor-widget-image img{vertical-align:middle;display:inline-block}<\/style>\t\t\t\t\t\t\t\t\t\t<img fetchpriority=\"high\" decoding=\"async\" width=\"800\" height=\"450\" src=\"https:\/\/planozeta.com\/wp-content\/uploads\/2023\/10\/EXTERIOR-8-1024x576.png\" class=\"attachment-large size-large wp-image-294\" alt=\"\" srcset=\"https:\/\/planozeta.com\/wp-content\/uploads\/2023\/10\/EXTERIOR-8-1024x576.png 1024w, https:\/\/planozeta.com\/wp-content\/uploads\/2023\/10\/EXTERIOR-8-300x169.png 300w, https:\/\/planozeta.com\/wp-content\/uploads\/2023\/10\/EXTERIOR-8-768x432.png 768w, https:\/\/planozeta.com\/wp-content\/uploads\/2023\/10\/EXTERIOR-8-1536x864.png 1536w, https:\/\/planozeta.com\/wp-content\/uploads\/2023\/10\/EXTERIOR-8-2048x1153.png 2048w\" sizes=\"(max-width: 800px) 100vw, 800px\" \/>\t\t\t\t\t\t\t\t\t\t\t\t\t<\/div>\n\t\t\t\t<\/div>\n\t\t\t\t\t<\/div>\n\t\t\t\t<\/div>\n\t\t<div class=\"elementor-element elementor-element-cd841e1 e-flex e-con-boxed e-con e-parent\" data-id=\"cd841e1\" data-element_type=\"container\">\n\t\t\t\t\t<div class=\"e-con-inner\">\n\t\t<div class=\"elementor-element elementor-element-8e8ec0f e-con-full e-flex e-con e-child\" data-id=\"8e8ec0f\" data-element_type=\"container\">\n\t\t\t\t<div class=\"elementor-element elementor-element-593b43a elementor-widget elementor-widget-text-editor\" data-id=\"593b43a\" data-element_type=\"widget\" data-widget_type=\"text-editor.default\">\n\t\t\t\t<div class=\"elementor-widget-container\">\n\t\t\t<style>\/*! elementor - v3.23.0 - 25-07-2024 *\/\n.elementor-widget-text-editor.elementor-drop-cap-view-stacked .elementor-drop-cap{background-color:#69727d;color:#fff}.elementor-widget-text-editor.elementor-drop-cap-view-framed .elementor-drop-cap{color:#69727d;border:3px solid;background-color:transparent}.elementor-widget-text-editor:not(.elementor-drop-cap-view-default) .elementor-drop-cap{margin-top:8px}.elementor-widget-text-editor:not(.elementor-drop-cap-view-default) .elementor-drop-cap-letter{width:1em;height:1em}.elementor-widget-text-editor .elementor-drop-cap{float:left;text-align:center;line-height:1;font-size:50px}.elementor-widget-text-editor .elementor-drop-cap-letter{display:inline-block}<\/style>\t\t\t\t<h6><span style=\"color: #000000;\">La Casa\u00a0\u201cEntre palmas\u201c, ofrece una conexi\u00f3n directa con el entorno natural a trav\u00e9s de sus amplios ventanales en las fachadas principales. Estos permiten la entrada abundante de luz solar matutina, brindando un ambiente c\u00e1lido y proporcionando vistas panor\u00e1micas del entorno circundante.<\/span><\/h6><h6><span style=\"color: #000000;\">Brindamos un acompa\u00f1amiento integral a el equipo de dise\u00f1adores, colaborando estrechamente en la toma de decisiones y en la transmisi\u00f3n efectiva de sus ideas a los clientes. Utilizamos tecnolog\u00edas de vanguardia como la realidad aumentada y el modelado BIM para dar vida a los dise\u00f1os arquitect\u00f3nicos de manera visualmente impactante.<\/span><\/h6>\t\t\t\t\t\t<\/div>\n\t\t\t\t<\/div>\n\t\t\t\t<\/div>\n\t\t<div class=\"elementor-element elementor-element-3c5e5ef e-con-full e-flex e-con e-child\" data-id=\"3c5e5ef\" data-element_type=\"container\">\n\t\t\t\t<div class=\"elementor-element elementor-element-00e1308 elementor-widget elementor-widget-text-editor\" data-id=\"00e1308\" data-element_type=\"widget\" data-widget_type=\"text-editor.default\">\n\t\t\t\t<div class=\"elementor-widget-container\">\n\t\t\t\t\t\t\t<h6><span style=\"color: #000000;\">Adem\u00e1s, a trav\u00e9s del modelado BIM, presentamos detalladamente los planos y caracter\u00edsticas del proyecto, facilitando la comprensi\u00f3n y toma de decisiones informadas.<\/span><\/h6><h6><span style=\"color: #000000;\">Con nuestra experiencia en tecnolog\u00eda y dise\u00f1o arquitect\u00f3nico, garantizamos que los clientes puedan visualizar y apreciar plenamente el potencial de la Casa Entre Palmas, brindando una experiencia \u00fanica y cautivadora desde el inicio del proceso de dise\u00f1o hasta su materializaci\u00f3n final.<\/span><\/h6>\t\t\t\t\t\t<\/div>\n\t\t\t\t<\/div>\n\t\t\t\t<\/div>\n\t\t\t\t\t<\/div>\n\t\t\t\t<\/div>\n\t\t<div class=\"elementor-element elementor-element-8e475ce e-flex e-con-boxed e-con e-parent\" data-id=\"8e475ce\" data-element_type=\"container\">\n\t\t\t\t\t<div class=\"e-con-inner\">\n\t\t\t\t<div class=\"elementor-element elementor-element-63f4617 elementor-widget elementor-widget-image\" data-id=\"63f4617\" data-element_type=\"widget\" data-widget_type=\"image.default\">\n\t\t\t\t<div class=\"elementor-widget-container\">\n\t\t\t\t\t\t\t\t\t\t\t\t\t<img decoding=\"async\" width=\"800\" height=\"450\" src=\"https:\/\/planozeta.com\/wp-content\/uploads\/2023\/10\/SALA-1-1024x576.png\" class=\"attachment-large size-large wp-image-311\" alt=\"\" srcset=\"https:\/\/planozeta.com\/wp-content\/uploads\/2023\/10\/SALA-1-1024x576.png 1024w, https:\/\/planozeta.com\/wp-content\/uploads\/2023\/10\/SALA-1-300x169.png 300w, https:\/\/planozeta.com\/wp-content\/uploads\/2023\/10\/SALA-1-768x432.png 768w, https:\/\/planozeta.com\/wp-content\/uploads\/2023\/10\/SALA-1-1536x864.png 1536w, https:\/\/planozeta.com\/wp-content\/uploads\/2023\/10\/SALA-1.png 1920w\" sizes=\"(max-width: 800px) 100vw, 800px\" \/>\t\t\t\t\t\t\t\t\t\t\t\t\t<\/div>\n\t\t\t\t<\/div>\n\t\t\t\t\t<\/div>\n\t\t\t\t<\/div>\n\t\t<div class=\"elementor-element elementor-element-d1e776a e-flex e-con-boxed e-con e-parent\" data-id=\"d1e776a\" data-element_type=\"container\">\n\t\t\t\t\t<div class=\"e-con-inner\">\n\t\t<div class=\"elementor-element elementor-element-bacaff1 e-flex e-con-boxed e-con e-child\" data-id=\"bacaff1\" data-element_type=\"container\">\n\t\t\t\t\t<div class=\"e-con-inner\">\n\t\t\t\t<div class=\"elementor-element elementor-element-ed53c10 elementor-widget elementor-widget-image-gallery\" data-id=\"ed53c10\" data-element_type=\"widget\" data-widget_type=\"image-gallery.default\">\n\t\t\t\t<div class=\"elementor-widget-container\">\n\t\t\t<style>\/*! elementor - v3.23.0 - 25-07-2024 *\/\n.elementor-image-gallery .gallery-item{display:inline-block;text-align:center;vertical-align:top;width:100%;max-width:100%;margin:0 auto}.elementor-image-gallery .gallery-item img{margin:0 auto}.elementor-image-gallery .gallery-item .gallery-caption{margin:0}.elementor-image-gallery figure img{display:block}.elementor-image-gallery figure figcaption{width:100%}.gallery-spacing-custom .elementor-image-gallery .gallery-icon{padding:0}@media (min-width:768px){.elementor-image-gallery .gallery-columns-2 .gallery-item{max-width:50%}.elementor-image-gallery .gallery-columns-3 .gallery-item{max-width:33.33%}.elementor-image-gallery .gallery-columns-4 .gallery-item{max-width:25%}.elementor-image-gallery .gallery-columns-5 .gallery-item{max-width:20%}.elementor-image-gallery .gallery-columns-6 .gallery-item{max-width:16.666%}.elementor-image-gallery .gallery-columns-7 .gallery-item{max-width:14.28%}.elementor-image-gallery .gallery-columns-8 .gallery-item{max-width:12.5%}.elementor-image-gallery .gallery-columns-9 .gallery-item{max-width:11.11%}.elementor-image-gallery .gallery-columns-10 .gallery-item{max-width:10%}}@media (min-width:480px) and (max-width:767px){.elementor-image-gallery .gallery.gallery-columns-2 .gallery-item,.elementor-image-gallery .gallery.gallery-columns-3 .gallery-item,.elementor-image-gallery .gallery.gallery-columns-4 .gallery-item,.elementor-image-gallery .gallery.gallery-columns-5 .gallery-item,.elementor-image-gallery .gallery.gallery-columns-6 .gallery-item,.elementor-image-gallery .gallery.gallery-columns-7 .gallery-item,.elementor-image-gallery .gallery.gallery-columns-8 .gallery-item,.elementor-image-gallery .gallery.gallery-columns-9 .gallery-item,.elementor-image-gallery .gallery.gallery-columns-10 .gallery-item{max-width:50%}}@media (max-width:479px){.elementor-image-gallery .gallery.gallery-columns-2 .gallery-item,.elementor-image-gallery .gallery.gallery-columns-3 .gallery-item,.elementor-image-gallery .gallery.gallery-columns-4 .gallery-item,.elementor-image-gallery .gallery.gallery-columns-5 .gallery-item,.elementor-image-gallery .gallery.gallery-columns-6 .gallery-item,.elementor-image-gallery .gallery.gallery-columns-7 .gallery-item,.elementor-image-gallery .gallery.gallery-columns-8 .gallery-item,.elementor-image-gallery .gallery.gallery-columns-9 .gallery-item,.elementor-image-gallery .gallery.gallery-columns-10 .gallery-item{max-width:100%}}<\/style>\t\t<div class=\"elementor-image-gallery\">\n\t\t\t<div id='gallery-1' class='gallery galleryid-161 gallery-columns-3 gallery-size-medium_large'><figure class='gallery-item'>\n\t\t\t<div class='gallery-icon landscape'>\n\t\t\t\t<a data-elementor-open-lightbox=\"yes\" data-elementor-lightbox-slideshow=\"ed53c10\" data-elementor-lightbox-title=\"EXTERIOR 8\" data-e-action-hash=\"#elementor-action%3Aaction%3Dlightbox%26settings%3DeyJpZCI6Mjk0LCJ1cmwiOiJodHRwczpcL1wvcGxhbm96ZXRhLmNvbVwvd3AtY29udGVudFwvdXBsb2Fkc1wvMjAyM1wvMTBcL0VYVEVSSU9SLTgucG5nIiwic2xpZGVzaG93IjoiZWQ1M2MxMCJ9\" href='https:\/\/planozeta.com\/wp-content\/uploads\/2023\/10\/EXTERIOR-8.png'><img decoding=\"async\" width=\"768\" height=\"432\" src=\"https:\/\/planozeta.com\/wp-content\/uploads\/2023\/10\/EXTERIOR-8-768x432.png\" class=\"attachment-medium_large size-medium_large\" alt=\"\" srcset=\"https:\/\/planozeta.com\/wp-content\/uploads\/2023\/10\/EXTERIOR-8-768x432.png 768w, https:\/\/planozeta.com\/wp-content\/uploads\/2023\/10\/EXTERIOR-8-300x169.png 300w, https:\/\/planozeta.com\/wp-content\/uploads\/2023\/10\/EXTERIOR-8-1024x576.png 1024w, https:\/\/planozeta.com\/wp-content\/uploads\/2023\/10\/EXTERIOR-8-1536x864.png 1536w, https:\/\/planozeta.com\/wp-content\/uploads\/2023\/10\/EXTERIOR-8-2048x1153.png 2048w\" sizes=\"(max-width: 768px) 100vw, 768px\" \/><\/a>\n\t\t\t<\/div><\/figure><figure class='gallery-item'>\n\t\t\t<div class='gallery-icon landscape'>\n\t\t\t\t<a data-elementor-open-lightbox=\"yes\" data-elementor-lightbox-slideshow=\"ed53c10\" data-elementor-lightbox-title=\"MAQUETA 1\" data-e-action-hash=\"#elementor-action%3Aaction%3Dlightbox%26settings%3DeyJpZCI6MzEwLCJ1cmwiOiJodHRwczpcL1wvcGxhbm96ZXRhLmNvbVwvd3AtY29udGVudFwvdXBsb2Fkc1wvMjAyM1wvMTBcL01BUVVFVEEtMS5wbmciLCJzbGlkZXNob3ciOiJlZDUzYzEwIn0%3D\" href='https:\/\/planozeta.com\/wp-content\/uploads\/2023\/10\/MAQUETA-1.png'><img loading=\"lazy\" decoding=\"async\" width=\"768\" height=\"432\" src=\"https:\/\/planozeta.com\/wp-content\/uploads\/2023\/10\/MAQUETA-1-768x432.png\" class=\"attachment-medium_large size-medium_large\" alt=\"\" srcset=\"https:\/\/planozeta.com\/wp-content\/uploads\/2023\/10\/MAQUETA-1-768x432.png 768w, https:\/\/planozeta.com\/wp-content\/uploads\/2023\/10\/MAQUETA-1-300x169.png 300w, https:\/\/planozeta.com\/wp-content\/uploads\/2023\/10\/MAQUETA-1-1024x576.png 1024w, https:\/\/planozeta.com\/wp-content\/uploads\/2023\/10\/MAQUETA-1-1536x864.png 1536w, https:\/\/planozeta.com\/wp-content\/uploads\/2023\/10\/MAQUETA-1.png 1920w\" sizes=\"(max-width: 768px) 100vw, 768px\" \/><\/a>\n\t\t\t<\/div><\/figure><figure class='gallery-item'>\n\t\t\t<div class='gallery-icon landscape'>\n\t\t\t\t<a data-elementor-open-lightbox=\"yes\" data-elementor-lightbox-slideshow=\"ed53c10\" data-elementor-lightbox-title=\"COMEDOR 1\" data-e-action-hash=\"#elementor-action%3Aaction%3Dlightbox%26settings%3DeyJpZCI6MzEzLCJ1cmwiOiJodHRwczpcL1wvcGxhbm96ZXRhLmNvbVwvd3AtY29udGVudFwvdXBsb2Fkc1wvMjAyM1wvMTBcL0NPTUVET1ItMS5wbmciLCJzbGlkZXNob3ciOiJlZDUzYzEwIn0%3D\" href='https:\/\/planozeta.com\/wp-content\/uploads\/2023\/10\/COMEDOR-1.png'><img loading=\"lazy\" decoding=\"async\" width=\"768\" height=\"432\" src=\"https:\/\/planozeta.com\/wp-content\/uploads\/2023\/10\/COMEDOR-1-768x432.png\" class=\"attachment-medium_large size-medium_large\" alt=\"\" srcset=\"https:\/\/planozeta.com\/wp-content\/uploads\/2023\/10\/COMEDOR-1-768x432.png 768w, https:\/\/planozeta.com\/wp-content\/uploads\/2023\/10\/COMEDOR-1-300x169.png 300w, https:\/\/planozeta.com\/wp-content\/uploads\/2023\/10\/COMEDOR-1-1024x576.png 1024w, https:\/\/planozeta.com\/wp-content\/uploads\/2023\/10\/COMEDOR-1-1536x864.png 1536w, https:\/\/planozeta.com\/wp-content\/uploads\/2023\/10\/COMEDOR-1.png 1920w\" sizes=\"(max-width: 768px) 100vw, 768px\" \/><\/a>\n\t\t\t<\/div><\/figure><figure class='gallery-item'>\n\t\t\t<div class='gallery-icon landscape'>\n\t\t\t\t<a data-elementor-open-lightbox=\"yes\" data-elementor-lightbox-slideshow=\"ed53c10\" data-elementor-lightbox-title=\"EXTERIOR 5\" data-e-action-hash=\"#elementor-action%3Aaction%3Dlightbox%26settings%3DeyJpZCI6MzEyLCJ1cmwiOiJodHRwczpcL1wvcGxhbm96ZXRhLmNvbVwvd3AtY29udGVudFwvdXBsb2Fkc1wvMjAyM1wvMTBcL0VYVEVSSU9SLTUucG5nIiwic2xpZGVzaG93IjoiZWQ1M2MxMCJ9\" href='https:\/\/planozeta.com\/wp-content\/uploads\/2023\/10\/EXTERIOR-5.png'><img loading=\"lazy\" decoding=\"async\" width=\"768\" height=\"432\" src=\"https:\/\/planozeta.com\/wp-content\/uploads\/2023\/10\/EXTERIOR-5-768x432.png\" class=\"attachment-medium_large size-medium_large\" alt=\"\" srcset=\"https:\/\/planozeta.com\/wp-content\/uploads\/2023\/10\/EXTERIOR-5-768x432.png 768w, https:\/\/planozeta.com\/wp-content\/uploads\/2023\/10\/EXTERIOR-5-300x169.png 300w, https:\/\/planozeta.com\/wp-content\/uploads\/2023\/10\/EXTERIOR-5-1024x576.png 1024w, https:\/\/planozeta.com\/wp-content\/uploads\/2023\/10\/EXTERIOR-5-1536x864.png 1536w, https:\/\/planozeta.com\/wp-content\/uploads\/2023\/10\/EXTERIOR-5.png 1920w\" sizes=\"(max-width: 768px) 100vw, 768px\" \/><\/a>\n\t\t\t<\/div><\/figure><figure class='gallery-item'>\n\t\t\t<div class='gallery-icon landscape'>\n\t\t\t\t<a data-elementor-open-lightbox=\"yes\" data-elementor-lightbox-slideshow=\"ed53c10\" data-elementor-lightbox-title=\"SALA 1\" data-e-action-hash=\"#elementor-action%3Aaction%3Dlightbox%26settings%3DeyJpZCI6MzExLCJ1cmwiOiJodHRwczpcL1wvcGxhbm96ZXRhLmNvbVwvd3AtY29udGVudFwvdXBsb2Fkc1wvMjAyM1wvMTBcL1NBTEEtMS5wbmciLCJzbGlkZXNob3ciOiJlZDUzYzEwIn0%3D\" href='https:\/\/planozeta.com\/wp-content\/uploads\/2023\/10\/SALA-1.png'><img loading=\"lazy\" decoding=\"async\" width=\"768\" height=\"432\" src=\"https:\/\/planozeta.com\/wp-content\/uploads\/2023\/10\/SALA-1-768x432.png\" class=\"attachment-medium_large size-medium_large\" alt=\"\" srcset=\"https:\/\/planozeta.com\/wp-content\/uploads\/2023\/10\/SALA-1-768x432.png 768w, https:\/\/planozeta.com\/wp-content\/uploads\/2023\/10\/SALA-1-300x169.png 300w, https:\/\/planozeta.com\/wp-content\/uploads\/2023\/10\/SALA-1-1024x576.png 1024w, https:\/\/planozeta.com\/wp-content\/uploads\/2023\/10\/SALA-1-1536x864.png 1536w, https:\/\/planozeta.com\/wp-content\/uploads\/2023\/10\/SALA-1.png 1920w\" sizes=\"(max-width: 768px) 100vw, 768px\" \/><\/a>\n\t\t\t<\/div><\/figure><figure class='gallery-item'>\n\t\t\t<div class='gallery-icon landscape'>\n\t\t\t\t<a data-elementor-open-lightbox=\"yes\" data-elementor-lightbox-slideshow=\"ed53c10\" data-elementor-lightbox-title=\"Ilustracion AC-fz\" data-e-action-hash=\"#elementor-action%3Aaction%3Dlightbox%26settings%3DeyJpZCI6MzE0LCJ1cmwiOiJodHRwczpcL1wvcGxhbm96ZXRhLmNvbVwvd3AtY29udGVudFwvdXBsb2Fkc1wvMjAyM1wvMTBcL0lsdXN0cmFjaW9uLUFDLWZ6LmpwZyIsInNsaWRlc2hvdyI6ImVkNTNjMTAifQ%3D%3D\" href='https:\/\/planozeta.com\/wp-content\/uploads\/2023\/10\/Ilustracion-AC-fz.jpg'><img loading=\"lazy\" decoding=\"async\" width=\"768\" height=\"576\" src=\"https:\/\/planozeta.com\/wp-content\/uploads\/2023\/10\/Ilustracion-AC-fz-768x576.jpg\" class=\"attachment-medium_large size-medium_large\" alt=\"\" srcset=\"https:\/\/planozeta.com\/wp-content\/uploads\/2023\/10\/Ilustracion-AC-fz-768x576.jpg 768w, https:\/\/planozeta.com\/wp-content\/uploads\/2023\/10\/Ilustracion-AC-fz-300x225.jpg 300w, https:\/\/planozeta.com\/wp-content\/uploads\/2023\/10\/Ilustracion-AC-fz-1024x768.jpg 1024w, https:\/\/planozeta.com\/wp-content\/uploads\/2023\/10\/Ilustracion-AC-fz-1536x1152.jpg 1536w, https:\/\/planozeta.com\/wp-content\/uploads\/2023\/10\/Ilustracion-AC-fz-2048x1536.jpg 2048w\" sizes=\"(max-width: 768px) 100vw, 768px\" \/><\/a>\n\t\t\t<\/div><\/figure>\n\t\t<\/div>\n\t\t<\/div>\n\t\t\t\t<\/div>\n\t\t\t\t<\/div>\n\t\t\t\t<div class=\"elementor-element elementor-element-a0ad9b0 elementor-align-center elementor-widget elementor-widget-button\" data-id=\"a0ad9b0\" data-element_type=\"widget\" data-widget_type=\"button.default\">\n\t\t\t\t<div class=\"elementor-widget-container\">\n\t\t\t\t\t<div class=\"elementor-button-wrapper\">\n\t\t\t<a class=\"elementor-button elementor-button-link elementor-size-md\" href=\"https:\/\/planozeta.com\/index.php\/proyectos\/casa-el-saman-tranquilidad-bajo-la-sombra\/\">\n\t\t\t\t\t\t<span class=\"elementor-button-content-wrapper\">\n\t\t\t\t\t\t\t\t\t<span class=\"elementor-button-text\">Siguiente<\/span>\n\t\t\t\t\t<\/span>\n\t\t\t\t\t<\/a>\n\t\t<\/div>\n\t\t\t\t<\/div>\n\t\t\t\t<\/div>\n\t\t\t\t\t<\/div>\n\t\t\t\t<\/div>\n\t\t\t\t\t<\/div>\n\t\t\t\t<\/div>\n\t\t\t\t<\/div>\n\t\t","protected":false},"excerpt":{"rendered":"<p>CASA ENTRE PALMAS Naturaleza en tu Puerta La Casa\u00a0\u201cEntre palmas\u201c, ofrece una conexi\u00f3n directa con el entorno natural a trav\u00e9s de sus amplios ventanales en las fachadas principales. Estos permiten la entrada abundante de luz solar matutina, brindando un ambiente c\u00e1lido y proporcionando vistas panor\u00e1micas del entorno circundante. Brindamos un acompa\u00f1amiento integral a el equipo [&hellip;]<\/p>\n","protected":false},"author":2,"featured_media":0,"parent":22,"menu_order":0,"comment_status":"closed","ping_status":"closed","template":"","meta":{"_monsterinsights_skip_tracking":false,"_monsterinsights_sitenote_active":false,"_monsterinsights_sitenote_note":"","_monsterinsights_sitenote_category":0,"footnotes":""},"class_list":["post-161","page","type-page","status-publish","hentry"],"aioseo_notices":[],"_links":{"self":[{"href":"https:\/\/planozeta.com\/index.php\/wp-json\/wp\/v2\/pages\/161","targetHints":{"allow":["GET"]}}],"collection":[{"href":"https:\/\/planozeta.com\/index.php\/wp-json\/wp\/v2\/pages"}],"about":[{"href":"https:\/\/planozeta.com\/index.php\/wp-json\/wp\/v2\/types\/page"}],"author":[{"embeddable":true,"href":"https:\/\/planozeta.com\/index.php\/wp-json\/wp\/v2\/users\/2"}],"replies":[{"embeddable":true,"href":"https:\/\/planozeta.com\/index.php\/wp-json\/wp\/v2\/comments?post=161"}],"version-history":[{"count":49,"href":"https:\/\/planozeta.com\/index.php\/wp-json\/wp\/v2\/pages\/161\/revisions"}],"predecessor-version":[{"id":818,"href":"https:\/\/planozeta.com\/index.php\/wp-json\/wp\/v2\/pages\/161\/revisions\/818"}],"up":[{"embeddable":true,"href":"https:\/\/planozeta.com\/index.php\/wp-json\/wp\/v2\/pages\/22"}],"wp:attachment":[{"href":"https:\/\/planozeta.com\/index.php\/wp-json\/wp\/v2\/media?parent=161"}],"curies":[{"name":"wp","href":"https:\/\/api.w.org\/{rel}","templated":true}]}}