{"id":163,"date":"2023-10-22T12:41:42","date_gmt":"2023-10-22T17:41:42","guid":{"rendered":"https:\/\/planozeta.com\/?page_id=163"},"modified":"2023-11-11T22:05:54","modified_gmt":"2023-11-12T03:05:54","slug":"casa-el-saman-tranquilidad-bajo-la-sombra","status":"publish","type":"page","link":"https:\/\/planozeta.com\/index.php\/proyectos\/casa-el-saman-tranquilidad-bajo-la-sombra\/","title":{"rendered":"CASA EL SAM\u00c1N &#8211; Tranquilidad bajo la sombra"},"content":{"rendered":"\t\t<div data-elementor-type=\"wp-page\" data-elementor-id=\"163\" class=\"elementor elementor-163\">\n\t\t\t\t<div class=\"elementor-element elementor-element-4a91761f e-flex e-con-boxed e-con e-parent\" data-id=\"4a91761f\" data-element_type=\"container\">\n\t\t\t\t\t<div class=\"e-con-inner\">\n\t\t<div class=\"elementor-element elementor-element-48ab4508 e-flex e-con-boxed e-con e-child\" data-id=\"48ab4508\" data-element_type=\"container\">\n\t\t\t\t\t<div class=\"e-con-inner\">\n\t\t\t\t<div class=\"elementor-element elementor-element-3e4f729a elementor-widget elementor-widget-heading\" data-id=\"3e4f729a\" data-element_type=\"widget\" data-widget_type=\"heading.default\">\n\t\t\t\t<div class=\"elementor-widget-container\">\n\t\t\t<style>\/*! elementor - v3.23.0 - 25-07-2024 *\/\n.elementor-heading-title{padding:0;margin:0;line-height:1}.elementor-widget-heading .elementor-heading-title[class*=elementor-size-]>a{color:inherit;font-size:inherit;line-height:inherit}.elementor-widget-heading .elementor-heading-title.elementor-size-small{font-size:15px}.elementor-widget-heading .elementor-heading-title.elementor-size-medium{font-size:19px}.elementor-widget-heading .elementor-heading-title.elementor-size-large{font-size:29px}.elementor-widget-heading .elementor-heading-title.elementor-size-xl{font-size:39px}.elementor-widget-heading .elementor-heading-title.elementor-size-xxl{font-size:59px}<\/style><h1 class=\"elementor-heading-title elementor-size-xl\">CASA EL SAM\u00c1N<\/h1>\t\t<\/div>\n\t\t\t\t<\/div>\n\t\t<div class=\"elementor-element elementor-element-25b5814c e-con-full e-flex e-con e-child\" data-id=\"25b5814c\" data-element_type=\"container\">\n\t\t\t\t<div class=\"elementor-element elementor-element-7c67eb2b elementor-widget elementor-widget-heading\" data-id=\"7c67eb2b\" data-element_type=\"widget\" data-widget_type=\"heading.default\">\n\t\t\t\t<div class=\"elementor-widget-container\">\n\t\t\t<h2 class=\"elementor-heading-title elementor-size-large\">Tranquilidad Bajo la Sombra<\/h2>\t\t<\/div>\n\t\t\t\t<\/div>\n\t\t\t\t<\/div>\n\t\t\t\t\t<\/div>\n\t\t\t\t<\/div>\n\t\t\t\t<div class=\"elementor-element elementor-element-71bb11ba elementor-widget elementor-widget-image\" data-id=\"71bb11ba\" data-element_type=\"widget\" data-widget_type=\"image.default\">\n\t\t\t\t<div class=\"elementor-widget-container\">\n\t\t\t<style>\/*! elementor - v3.23.0 - 25-07-2024 *\/\n.elementor-widget-image{text-align:center}.elementor-widget-image a{display:inline-block}.elementor-widget-image a img[src$=\".svg\"]{width:48px}.elementor-widget-image img{vertical-align:middle;display:inline-block}<\/style>\t\t\t\t\t\t\t\t\t\t<img fetchpriority=\"high\" decoding=\"async\" width=\"800\" height=\"398\" src=\"https:\/\/planozeta.com\/wp-content\/uploads\/2023\/11\/PATIO-2-1024x509.png\" class=\"attachment-large size-large wp-image-797\" alt=\"\" srcset=\"https:\/\/planozeta.com\/wp-content\/uploads\/2023\/11\/PATIO-2-1024x509.png 1024w, https:\/\/planozeta.com\/wp-content\/uploads\/2023\/11\/PATIO-2-300x149.png 300w, https:\/\/planozeta.com\/wp-content\/uploads\/2023\/11\/PATIO-2-768x382.png 768w, https:\/\/planozeta.com\/wp-content\/uploads\/2023\/11\/PATIO-2-1536x764.png 1536w, https:\/\/planozeta.com\/wp-content\/uploads\/2023\/11\/PATIO-2-2048x1019.png 2048w\" sizes=\"(max-width: 800px) 100vw, 800px\" \/>\t\t\t\t\t\t\t\t\t\t\t\t\t<\/div>\n\t\t\t\t<\/div>\n\t\t\t\t\t<\/div>\n\t\t\t\t<\/div>\n\t\t<div class=\"elementor-element elementor-element-232f5c79 e-flex e-con-boxed e-con e-parent\" data-id=\"232f5c79\" data-element_type=\"container\">\n\t\t\t\t\t<div class=\"e-con-inner\">\n\t\t<div class=\"elementor-element elementor-element-4e9fc493 e-con-full e-flex e-con e-child\" data-id=\"4e9fc493\" data-element_type=\"container\">\n\t\t\t\t<div class=\"elementor-element elementor-element-2bb299d0 elementor-widget elementor-widget-text-editor\" data-id=\"2bb299d0\" data-element_type=\"widget\" data-widget_type=\"text-editor.default\">\n\t\t\t\t<div class=\"elementor-widget-container\">\n\t\t\t<style>\/*! elementor - v3.23.0 - 25-07-2024 *\/\n.elementor-widget-text-editor.elementor-drop-cap-view-stacked .elementor-drop-cap{background-color:#69727d;color:#fff}.elementor-widget-text-editor.elementor-drop-cap-view-framed .elementor-drop-cap{color:#69727d;border:3px solid;background-color:transparent}.elementor-widget-text-editor:not(.elementor-drop-cap-view-default) .elementor-drop-cap{margin-top:8px}.elementor-widget-text-editor:not(.elementor-drop-cap-view-default) .elementor-drop-cap-letter{width:1em;height:1em}.elementor-widget-text-editor .elementor-drop-cap{float:left;text-align:center;line-height:1;font-size:50px}.elementor-widget-text-editor .elementor-drop-cap-letter{display:inline-block}<\/style>\t\t\t\t<h6><span style=\"font-weight: 400; color: #000000;\">La Casa se encuentra en un lote plano rodeado de hermosos elementos naturales. Su dise\u00f1o permite una conexi\u00f3n especial con el entorno al abrirse hacia un majestuoso sam\u00e1n a trav\u00e9s de dos naves interconectadas. Esto no solo realza el valor paisaj\u00edstico, sino que tambi\u00e9n asegura una iluminaci\u00f3n adecuada con luz natural en todos los espacios comunes.<\/span><\/h6><h6><span style=\"font-weight: 400; color: #000000;\">En colaboraci\u00f3n con el arquitecto dise\u00f1ador, hemos creado una amplia gama de dise\u00f1os de viviendas utilizando herramientas de visualizaci\u00f3n y la metodolog\u00eda BIM como pilares fundamentales del proceso. Estas herramientas nos permitieron transmitir todas las ideas de manera efectiva y detallada.<\/span><\/h6>\t\t\t\t\t\t<\/div>\n\t\t\t\t<\/div>\n\t\t\t\t<\/div>\n\t\t<div class=\"elementor-element elementor-element-118a6f6d e-con-full e-flex e-con e-child\" data-id=\"118a6f6d\" data-element_type=\"container\">\n\t\t\t\t<div class=\"elementor-element elementor-element-57c18b68 elementor-widget elementor-widget-text-editor\" data-id=\"57c18b68\" data-element_type=\"widget\" data-widget_type=\"text-editor.default\">\n\t\t\t\t<div class=\"elementor-widget-container\">\n\t\t\t\t\t\t\t<h6><span style=\"color: #000000;\">Adem\u00e1s, a trav\u00e9s del modelado BIM, presentamos detalladamente los planos y caracter\u00edsticas del proyecto, facilitando la comprensi\u00f3n y toma de decisiones informadas.<\/span><\/h6><h6><span style=\"color: #000000;\">Con nuestra experiencia en tecnolog\u00eda y dise\u00f1o arquitect\u00f3nico, garantizamos que los clientes puedan visualizar y apreciar plenamente el potencial de la Casa Entre Palmas, brindando una experiencia \u00fanica y cautivadora desde el inicio del proceso de dise\u00f1o hasta su materializaci\u00f3n final.<\/span><\/h6>\t\t\t\t\t\t<\/div>\n\t\t\t\t<\/div>\n\t\t\t\t<\/div>\n\t\t\t\t\t<\/div>\n\t\t\t\t<\/div>\n\t\t<div class=\"elementor-element elementor-element-04d5395 e-flex e-con-boxed e-con e-parent\" data-id=\"04d5395\" data-element_type=\"container\">\n\t\t\t\t\t<div class=\"e-con-inner\">\n\t\t\t\t<div class=\"elementor-element elementor-element-21f9a57 elementor-arrows-position-inside elementor-pagination-position-outside elementor-widget elementor-widget-image-carousel\" data-id=\"21f9a57\" data-element_type=\"widget\" data-settings=\"{&quot;slides_to_show&quot;:&quot;1&quot;,&quot;navigation&quot;:&quot;both&quot;,&quot;autoplay&quot;:&quot;yes&quot;,&quot;pause_on_hover&quot;:&quot;yes&quot;,&quot;pause_on_interaction&quot;:&quot;yes&quot;,&quot;autoplay_speed&quot;:5000,&quot;infinite&quot;:&quot;yes&quot;,&quot;effect&quot;:&quot;slide&quot;,&quot;speed&quot;:500}\" data-widget_type=\"image-carousel.default\">\n\t\t\t\t<div class=\"elementor-widget-container\">\n\t\t\t<style>\/*! elementor - v3.23.0 - 25-07-2024 *\/\n.elementor-widget-image-carousel .swiper,.elementor-widget-image-carousel .swiper-container{position:static}.elementor-widget-image-carousel .swiper-container .swiper-slide figure,.elementor-widget-image-carousel .swiper .swiper-slide figure{line-height:inherit}.elementor-widget-image-carousel .swiper-slide{text-align:center}.elementor-image-carousel-wrapper:not(.swiper-container-initialized):not(.swiper-initialized) .swiper-slide{max-width:calc(100% \/ var(--e-image-carousel-slides-to-show, 3))}<\/style>\t\t<div class=\"elementor-image-carousel-wrapper swiper\" dir=\"ltr\">\n\t\t\t<div class=\"elementor-image-carousel swiper-wrapper\" aria-live=\"off\">\n\t\t\t\t\t\t\t\t<div class=\"swiper-slide\" role=\"group\" aria-roledescription=\"slide\" aria-label=\"1 of 5\"><figure class=\"swiper-slide-inner\"><img decoding=\"async\" class=\"swiper-slide-image\" src=\"https:\/\/planozeta.com\/wp-content\/uploads\/2023\/11\/ACCESO-PORTADA-ima-1024x509.png\" alt=\"ACCESO PORTADA ima\" \/><\/figure><\/div><div class=\"swiper-slide\" role=\"group\" aria-roledescription=\"slide\" aria-label=\"2 of 5\"><figure class=\"swiper-slide-inner\"><img decoding=\"async\" class=\"swiper-slide-image\" src=\"https:\/\/planozeta.com\/wp-content\/uploads\/2023\/11\/ESQUINA-DECK-2-1024x508.png\" alt=\"ESQUINA DECK 2\" \/><\/figure><\/div><div class=\"swiper-slide\" role=\"group\" aria-roledescription=\"slide\" aria-label=\"3 of 5\"><figure class=\"swiper-slide-inner\"><img decoding=\"async\" class=\"swiper-slide-image\" src=\"https:\/\/planozeta.com\/wp-content\/uploads\/2023\/11\/TERRAZA-HABITACIONES-2-1024x510.png\" alt=\"TERRAZA HABITACIONES 2\" \/><\/figure><\/div><div class=\"swiper-slide\" role=\"group\" aria-roledescription=\"slide\" aria-label=\"4 of 5\"><figure class=\"swiper-slide-inner\"><img decoding=\"async\" class=\"swiper-slide-image\" src=\"https:\/\/planozeta.com\/wp-content\/uploads\/2023\/11\/SALA-2-1024x508.png\" alt=\"SALA 2\" \/><\/figure><\/div><div class=\"swiper-slide\" role=\"group\" aria-roledescription=\"slide\" aria-label=\"5 of 5\"><figure class=\"swiper-slide-inner\"><img decoding=\"async\" class=\"swiper-slide-image\" src=\"https:\/\/planozeta.com\/wp-content\/uploads\/2023\/11\/HALL-2-1024x508.png\" alt=\"HALL 2\" \/><\/figure><\/div>\t\t\t<\/div>\n\t\t\t\t\t\t\t\t\t\t\t\t<div class=\"elementor-swiper-button elementor-swiper-button-prev\" role=\"button\" tabindex=\"0\">\n\t\t\t\t\t\t<i aria-hidden=\"true\" class=\"eicon-chevron-left\"><\/i>\t\t\t\t\t<\/div>\n\t\t\t\t\t<div class=\"elementor-swiper-button elementor-swiper-button-next\" role=\"button\" tabindex=\"0\">\n\t\t\t\t\t\t<i aria-hidden=\"true\" class=\"eicon-chevron-right\"><\/i>\t\t\t\t\t<\/div>\n\t\t\t\t\n\t\t\t\t\t\t\t\t\t<div class=\"swiper-pagination\"><\/div>\n\t\t\t\t\t\t\t\t\t<\/div>\n\t\t\t\t<\/div>\n\t\t\t\t<\/div>\n\t\t\t\t\t<\/div>\n\t\t\t\t<\/div>\n\t\t<div class=\"elementor-element elementor-element-4d6a8f4 e-flex e-con-boxed e-con e-parent\" data-id=\"4d6a8f4\" data-element_type=\"container\">\n\t\t\t\t\t<div class=\"e-con-inner\">\n\t\t\t\t<div class=\"elementor-element elementor-element-3e7412a elementor-align-center elementor-widget elementor-widget-button\" data-id=\"3e7412a\" data-element_type=\"widget\" data-widget_type=\"button.default\">\n\t\t\t\t<div class=\"elementor-widget-container\">\n\t\t\t\t\t<div class=\"elementor-button-wrapper\">\n\t\t\t<a class=\"elementor-button elementor-button-link elementor-size-md\" href=\"https:\/\/planozeta.com\/index.php\/proyectos\/casa-lagos-elegancia-en-la-naturaleza\/\">\n\t\t\t\t\t\t<span class=\"elementor-button-content-wrapper\">\n\t\t\t\t\t\t\t\t\t<span class=\"elementor-button-text\">Siguiente<\/span>\n\t\t\t\t\t<\/span>\n\t\t\t\t\t<\/a>\n\t\t<\/div>\n\t\t\t\t<\/div>\n\t\t\t\t<\/div>\n\t\t\t\t\t<\/div>\n\t\t\t\t<\/div>\n\t\t\t\t<\/div>\n\t\t","protected":false},"excerpt":{"rendered":"<p>CASA EL SAM\u00c1N Tranquilidad Bajo la Sombra La Casa se encuentra en un lote plano rodeado de hermosos elementos naturales. Su dise\u00f1o permite una conexi\u00f3n especial con el entorno al abrirse hacia un majestuoso sam\u00e1n a trav\u00e9s de dos naves interconectadas. Esto no solo realza el valor paisaj\u00edstico, sino que tambi\u00e9n asegura una iluminaci\u00f3n adecuada [&hellip;]<\/p>\n","protected":false},"author":2,"featured_media":0,"parent":22,"menu_order":0,"comment_status":"closed","ping_status":"closed","template":"","meta":{"_monsterinsights_skip_tracking":false,"_monsterinsights_sitenote_active":false,"_monsterinsights_sitenote_note":"","_monsterinsights_sitenote_category":0,"footnotes":""},"class_list":["post-163","page","type-page","status-publish","hentry"],"aioseo_notices":[],"_links":{"self":[{"href":"https:\/\/planozeta.com\/index.php\/wp-json\/wp\/v2\/pages\/163","targetHints":{"allow":["GET"]}}],"collection":[{"href":"https:\/\/planozeta.com\/index.php\/wp-json\/wp\/v2\/pages"}],"about":[{"href":"https:\/\/planozeta.com\/index.php\/wp-json\/wp\/v2\/types\/page"}],"author":[{"embeddable":true,"href":"https:\/\/planozeta.com\/index.php\/wp-json\/wp\/v2\/users\/2"}],"replies":[{"embeddable":true,"href":"https:\/\/planozeta.com\/index.php\/wp-json\/wp\/v2\/comments?post=163"}],"version-history":[{"count":10,"href":"https:\/\/planozeta.com\/index.php\/wp-json\/wp\/v2\/pages\/163\/revisions"}],"predecessor-version":[{"id":808,"href":"https:\/\/planozeta.com\/index.php\/wp-json\/wp\/v2\/pages\/163\/revisions\/808"}],"up":[{"embeddable":true,"href":"https:\/\/planozeta.com\/index.php\/wp-json\/wp\/v2\/pages\/22"}],"wp:attachment":[{"href":"https:\/\/planozeta.com\/index.php\/wp-json\/wp\/v2\/media?parent=163"}],"curies":[{"name":"wp","href":"https:\/\/api.w.org\/{rel}","templated":true}]}}