{"id":402,"date":"2023-10-28T17:51:16","date_gmt":"2023-10-28T22:51:16","guid":{"rendered":"https:\/\/planozeta.com\/?page_id=402"},"modified":"2023-11-03T19:09:29","modified_gmt":"2023-11-04T00:09:29","slug":"elementor-402","status":"publish","type":"page","link":"https:\/\/planozeta.com\/index.php\/elementor-402\/","title":{"rendered":"Blog &#8211; Innovaci\u00f3n en Acci\u00f3n: C\u00f3mo el Modelado BIM Revoluciona la Construcci\u00f3n"},"content":{"rendered":"\t\t<div data-elementor-type=\"wp-page\" data-elementor-id=\"402\" class=\"elementor elementor-402\">\n\t\t\t\t<div class=\"elementor-element elementor-element-d6a6f3e e-flex e-con-boxed e-con e-parent\" data-id=\"d6a6f3e\" data-element_type=\"container\" data-settings=\"{&quot;background_background&quot;:&quot;classic&quot;}\">\n\t\t\t\t\t<div class=\"e-con-inner\">\n\t\t<div class=\"elementor-element elementor-element-ba51bd8 e-con-full e-flex e-con e-child\" data-id=\"ba51bd8\" data-element_type=\"container\">\n\t\t\t\t<div class=\"elementor-element elementor-element-c1243e8 elementor-widget elementor-widget-text-editor\" data-id=\"c1243e8\" data-element_type=\"widget\" data-widget_type=\"text-editor.default\">\n\t\t\t\t<div class=\"elementor-widget-container\">\n\t\t\t<style>\/*! elementor - v3.23.0 - 25-07-2024 *\/\n.elementor-widget-text-editor.elementor-drop-cap-view-stacked .elementor-drop-cap{background-color:#69727d;color:#fff}.elementor-widget-text-editor.elementor-drop-cap-view-framed .elementor-drop-cap{color:#69727d;border:3px solid;background-color:transparent}.elementor-widget-text-editor:not(.elementor-drop-cap-view-default) .elementor-drop-cap{margin-top:8px}.elementor-widget-text-editor:not(.elementor-drop-cap-view-default) .elementor-drop-cap-letter{width:1em;height:1em}.elementor-widget-text-editor .elementor-drop-cap{float:left;text-align:center;line-height:1;font-size:50px}.elementor-widget-text-editor .elementor-drop-cap-letter{display:inline-block}<\/style>\t\t\t\t<h1><span style=\"color: #ffffff;\"><strong>Innovaci\u00f3n en Acci\u00f3n:\u00a0<\/strong><\/span><\/h1>\t\t\t\t\t\t<\/div>\n\t\t\t\t<\/div>\n\t\t\t\t<div class=\"elementor-element elementor-element-2dbeded elementor-widget elementor-widget-text-editor\" data-id=\"2dbeded\" data-element_type=\"widget\" data-widget_type=\"text-editor.default\">\n\t\t\t\t<div class=\"elementor-widget-container\">\n\t\t\t\t\t\t\t<h2><span style=\"color: #ffffff;\"><strong>C\u00f3mo el Modelado BIM Revoluciona la Construcci\u00f3n<\/strong><\/span><\/h2>\t\t\t\t\t\t<\/div>\n\t\t\t\t<\/div>\n\t\t\t\t<\/div>\n\t\t<div class=\"elementor-element elementor-element-c120bb5 e-con-full e-flex e-con e-child\" data-id=\"c120bb5\" data-element_type=\"container\">\n\t\t\t\t<\/div>\n\t\t\t\t\t<\/div>\n\t\t\t\t<\/div>\n\t\t<div class=\"elementor-element elementor-element-b0d5e2c e-flex e-con-boxed e-con e-parent\" data-id=\"b0d5e2c\" data-element_type=\"container\">\n\t\t\t\t\t<div class=\"e-con-inner\">\n\t\t\t\t<div class=\"elementor-element elementor-element-bfb095a elementor-widget elementor-widget-text-editor\" data-id=\"bfb095a\" data-element_type=\"widget\" data-widget_type=\"text-editor.default\">\n\t\t\t\t<div class=\"elementor-widget-container\">\n\t\t\t\t\t\t\t<h5><span style=\"font-weight: 400; color: #000000;\">El mundo de la arquitectura y la construcci\u00f3n ha experimentado una transformaci\u00f3n disruptiva gracias al Modelado de Informaci\u00f3n de Construcci\u00f3n (BIM). Esta metodolog\u00eda ha revolucionado la forma en que se conciben y ejecutan los proyectos en la industria de la construcci\u00f3n, llevando la innovaci\u00f3n a nuevas alturas.<\/span><\/h5><h5><span style=\"font-weight: 400; color: #000000;\">En este blog, exploraremos c\u00f3mo el Modelado BIM se ha convertido en el eje central de la construcci\u00f3n moderna. Desde su aplicaci\u00f3n en el dise\u00f1o hasta su influencia en la ejecuci\u00f3n de proyectos, el BIM ha demostrado ser una herramienta poderosa que transforma el panorama arquitect\u00f3nico.<\/span><\/h5>\t\t\t\t\t\t<\/div>\n\t\t\t\t<\/div>\n\t\t\t\t\t<\/div>\n\t\t\t\t<\/div>\n\t\t<div class=\"elementor-element elementor-element-051b8be e-flex e-con-boxed e-con e-parent\" data-id=\"051b8be\" data-element_type=\"container\">\n\t\t\t\t\t<div class=\"e-con-inner\">\n\t\t<div class=\"elementor-element elementor-element-67feb39 e-con-full e-flex e-con e-child\" data-id=\"67feb39\" data-element_type=\"container\">\n\t\t\t\t<div class=\"elementor-element elementor-element-872e359 elementor-widget elementor-widget-text-editor\" data-id=\"872e359\" data-element_type=\"widget\" data-widget_type=\"text-editor.default\">\n\t\t\t\t<div class=\"elementor-widget-container\">\n\t\t\t\t\t\t\t<h1><strong><span style=\"color: #000000;\">Optimizaci\u00f3n del Proceso de Construcci\u00f3n:<\/span><\/strong><\/h1>\t\t\t\t\t\t<\/div>\n\t\t\t\t<\/div>\n\t\t\t\t<div class=\"elementor-element elementor-element-f9a7524 elementor-widget elementor-widget-text-editor\" data-id=\"f9a7524\" data-element_type=\"widget\" data-widget_type=\"text-editor.default\">\n\t\t\t\t<div class=\"elementor-widget-container\">\n\t\t\t\t\t\t\t<h5><span style=\"font-weight: 400; color: #000000;\">El Modelado BIM, mucho m\u00e1s que una herramienta de dise\u00f1o, ha optimizado por completo el proceso de construcci\u00f3n. Los datos detallados y la representaci\u00f3n digital precisa permiten una planificaci\u00f3n minuciosa, minimizando riesgos y agilizando la ejecuci\u00f3n de proyectos. Desde el dise\u00f1o conceptual hasta la fase de construcci\u00f3n, la metodolog\u00eda BIM ha cambiado la forma en que se aborda y ejecuta cada etapa del proceso constructivo.<\/span><\/h5>\t\t\t\t\t\t<\/div>\n\t\t\t\t<\/div>\n\t\t\t\t<\/div>\n\t\t<div class=\"elementor-element elementor-element-9f2afbf e-con-full e-flex e-con e-child\" data-id=\"9f2afbf\" data-element_type=\"container\">\n\t\t\t\t<div class=\"elementor-element elementor-element-6c5042d elementor-widget elementor-widget-image\" data-id=\"6c5042d\" data-element_type=\"widget\" data-widget_type=\"image.default\">\n\t\t\t\t<div class=\"elementor-widget-container\">\n\t\t\t<style>\/*! elementor - v3.23.0 - 25-07-2024 *\/\n.elementor-widget-image{text-align:center}.elementor-widget-image a{display:inline-block}.elementor-widget-image a img[src$=\".svg\"]{width:48px}.elementor-widget-image img{vertical-align:middle;display:inline-block}<\/style>\t\t\t\t\t\t\t\t\t\t<img fetchpriority=\"high\" decoding=\"async\" width=\"747\" height=\"762\" src=\"https:\/\/planozeta.com\/wp-content\/uploads\/2023\/11\/reunion.png\" class=\"attachment-large size-large wp-image-627\" alt=\"\" srcset=\"https:\/\/planozeta.com\/wp-content\/uploads\/2023\/11\/reunion.png 747w, https:\/\/planozeta.com\/wp-content\/uploads\/2023\/11\/reunion-294x300.png 294w\" sizes=\"(max-width: 747px) 100vw, 747px\" \/>\t\t\t\t\t\t\t\t\t\t\t\t\t<\/div>\n\t\t\t\t<\/div>\n\t\t\t\t<\/div>\n\t\t\t\t\t<\/div>\n\t\t\t\t<\/div>\n\t\t<div class=\"elementor-element elementor-element-89f085c e-flex e-con-boxed e-con e-parent\" data-id=\"89f085c\" data-element_type=\"container\">\n\t\t\t\t\t<div class=\"e-con-inner\">\n\t\t\t\t<div class=\"elementor-element elementor-element-dbd7f59 elementor-widget elementor-widget-text-editor\" data-id=\"dbd7f59\" data-element_type=\"widget\" data-widget_type=\"text-editor.default\">\n\t\t\t\t<div class=\"elementor-widget-container\">\n\t\t\t\t\t\t\t<h1><strong><span style=\"color: #000000;\">Colaboraci\u00f3n e Interoperabilidad:<\/span><\/strong><\/h1>\t\t\t\t\t\t<\/div>\n\t\t\t\t<\/div>\n\t\t\t\t<div class=\"elementor-element elementor-element-23e5ed2 elementor-widget elementor-widget-text-editor\" data-id=\"23e5ed2\" data-element_type=\"widget\" data-widget_type=\"text-editor.default\">\n\t\t\t\t<div class=\"elementor-widget-container\">\n\t\t\t\t\t\t\t<h5><span style=\"font-weight: 400; color: #000000;\">Una de las caracter\u00edsticas m\u00e1s valiosas del BIM es su capacidad para fomentar la colaboraci\u00f3n entre los diferentes equipos involucrados en un proyecto. Arquitectos, ingenieros, contratistas y clientes pueden trabajar conjuntamente en un entorno integrado, facilitando la comunicaci\u00f3n, minimizando errores y maximizando la eficiencia en la ejecuci\u00f3n de proyectos arquitect\u00f3nicos.<\/span><\/h5>\t\t\t\t\t\t<\/div>\n\t\t\t\t<\/div>\n\t\t\t\t\t<\/div>\n\t\t\t\t<\/div>\n\t\t<div class=\"elementor-element elementor-element-b326302 e-flex e-con-boxed e-con e-parent\" data-id=\"b326302\" data-element_type=\"container\">\n\t\t\t\t\t<div class=\"e-con-inner\">\n\t\t<div class=\"elementor-element elementor-element-7858256 e-con-full e-flex e-con e-child\" data-id=\"7858256\" data-element_type=\"container\">\n\t\t\t\t<div class=\"elementor-element elementor-element-9dffbc7 elementor-widget elementor-widget-image\" data-id=\"9dffbc7\" data-element_type=\"widget\" data-widget_type=\"image.default\">\n\t\t\t\t<div class=\"elementor-widget-container\">\n\t\t\t\t\t\t\t\t\t\t\t\t\t<img decoding=\"async\" width=\"800\" height=\"485\" src=\"https:\/\/planozeta.com\/wp-content\/uploads\/2023\/11\/reunion2-1024x621.png\" class=\"attachment-large size-large wp-image-628\" alt=\"\" srcset=\"https:\/\/planozeta.com\/wp-content\/uploads\/2023\/11\/reunion2-1024x621.png 1024w, https:\/\/planozeta.com\/wp-content\/uploads\/2023\/11\/reunion2-300x182.png 300w, https:\/\/planozeta.com\/wp-content\/uploads\/2023\/11\/reunion2-768x466.png 768w, https:\/\/planozeta.com\/wp-content\/uploads\/2023\/11\/reunion2.png 1324w\" sizes=\"(max-width: 800px) 100vw, 800px\" \/>\t\t\t\t\t\t\t\t\t\t\t\t\t<\/div>\n\t\t\t\t<\/div>\n\t\t\t\t<\/div>\n\t\t<div class=\"elementor-element elementor-element-d1ddca3 e-con-full e-flex e-con e-child\" data-id=\"d1ddca3\" data-element_type=\"container\">\n\t\t\t\t<div class=\"elementor-element elementor-element-d44cdf6 elementor-widget elementor-widget-text-editor\" data-id=\"d44cdf6\" data-element_type=\"widget\" data-widget_type=\"text-editor.default\">\n\t\t\t\t<div class=\"elementor-widget-container\">\n\t\t\t\t\t\t\t<h5><span style=\"font-weight: 400; color: #000000;\">La interoperabilidad de BIM permite la integraci\u00f3n de datos provenientes de diversas fuentes y formatos. Esta integraci\u00f3n favorece la fluidez entre las distintas fases del proyecto, desde la fase de dise\u00f1o hasta la ejecuci\u00f3n, garantizando una transici\u00f3n sin inconvenientes y una gesti\u00f3n eficiente de la informaci\u00f3n.<\/span><\/h5>\t\t\t\t\t\t<\/div>\n\t\t\t\t<\/div>\n\t\t\t\t<\/div>\n\t\t\t\t\t<\/div>\n\t\t\t\t<\/div>\n\t\t<div class=\"elementor-element elementor-element-1cc14fc e-flex e-con-boxed e-con e-parent\" data-id=\"1cc14fc\" data-element_type=\"container\">\n\t\t\t\t\t<div class=\"e-con-inner\">\n\t\t\t\t<div class=\"elementor-element elementor-element-5336f35 elementor-widget elementor-widget-text-editor\" data-id=\"5336f35\" data-element_type=\"widget\" data-widget_type=\"text-editor.default\">\n\t\t\t\t<div class=\"elementor-widget-container\">\n\t\t\t\t\t\t\t<h5><span style=\"font-weight: 400; color: #000000;\">El Modelado de Informaci\u00f3n de Construcci\u00f3n (BIM) ha trascendido las fronteras de lo convencional, revolucionando cada etapa de la construcci\u00f3n. Desde su capacidad para optimizar recursos y reducir costos hasta su influencia en la sostenibilidad y la gesti\u00f3n a largo plazo de proyectos, el BIM no es solo una metodolog\u00eda, \u00a1es el motor de la evoluci\u00f3n arquitect\u00f3nica!<\/span><\/h5><h5><span style=\"font-weight: 400; color: #000000;\">La intersecci\u00f3n entre la tecnolog\u00eda y la creatividad ha generado una nueva era en la arquitectura. BIM no solo construye edificios, sino tambi\u00e9n construye visiones y sue\u00f1os. Este enfoque innovador no solo se centra en la edificaci\u00f3n, sino en el mundo que creamos y compartimos.<\/span><\/h5><h5><span style=\"font-weight: 400; color: #000000;\">Con su capacidad para llevar la construcci\u00f3n a nuevos niveles de eficiencia, precisi\u00f3n y sostenibilidad, el BIM se convierte en el catalizador que impulsa la transformaci\u00f3n de proyectos en experiencias y edificios en legados. \u00bfListos para explorar m\u00e1s all\u00e1 de los l\u00edmites de lo convencional? \u00a1Adelante, \u00fanete al futuro de la construcci\u00f3n con BIM y descubre c\u00f3mo la innovaci\u00f3n redefine el arte de construir!<\/span><\/h5>\t\t\t\t\t\t<\/div>\n\t\t\t\t<\/div>\n\t\t\t\t\t<\/div>\n\t\t\t\t<\/div>\n\t\t<div class=\"elementor-element elementor-element-6b6f1e5 e-flex e-con-boxed e-con e-parent\" data-id=\"6b6f1e5\" data-element_type=\"container\" data-settings=\"{&quot;background_background&quot;:&quot;classic&quot;}\">\n\t\t\t\t\t<div class=\"e-con-inner\">\n\t\t\t\t<div class=\"elementor-element elementor-element-608730f elementor-widget elementor-widget-text-editor\" data-id=\"608730f\" data-element_type=\"widget\" data-widget_type=\"text-editor.default\">\n\t\t\t\t<div class=\"elementor-widget-container\">\n\t\t\t\t\t\t\t<h1 style=\"text-align: center;\"><strong><span style=\"color: #000000;\">\u00bfListos para explorar m\u00e1s all\u00e1 de los l\u00edmites de lo convencional?<\/span><\/strong><\/h1>\t\t\t\t\t\t<\/div>\n\t\t\t\t<\/div>\n\t\t\t\t<div class=\"elementor-element elementor-element-f5a76cc elementor-widget elementor-widget-text-editor\" data-id=\"f5a76cc\" data-element_type=\"widget\" data-widget_type=\"text-editor.default\">\n\t\t\t\t<div class=\"elementor-widget-container\">\n\t\t\t\t\t\t\t<h3 style=\"text-align: center;\"><span style=\"font-weight: 400; color: #000000;\">\u00a1Adelante, \u00fanete al futuro de la construcci\u00f3n con BIM y descubre c\u00f3mo la innovaci\u00f3n redefine el arte de construir!<\/span><\/h3>\t\t\t\t\t\t<\/div>\n\t\t\t\t<\/div>\n\t\t\t\t<div class=\"elementor-element elementor-element-f8c89c7 elementor-align-center elementor-widget elementor-widget-button\" data-id=\"f8c89c7\" data-element_type=\"widget\" data-widget_type=\"button.default\">\n\t\t\t\t<div class=\"elementor-widget-container\">\n\t\t\t\t\t<div class=\"elementor-button-wrapper\">\n\t\t\t<a class=\"elementor-button elementor-button-link elementor-size-md\" href=\"#\">\n\t\t\t\t\t\t<span class=\"elementor-button-content-wrapper\">\n\t\t\t\t\t\t\t\t\t<span class=\"elementor-button-text\">Saber m\u00e1s<\/span>\n\t\t\t\t\t<\/span>\n\t\t\t\t\t<\/a>\n\t\t<\/div>\n\t\t\t\t<\/div>\n\t\t\t\t<\/div>\n\t\t\t\t\t<\/div>\n\t\t\t\t<\/div>\n\t\t\t\t<\/div>\n\t\t","protected":false},"excerpt":{"rendered":"<p>Innovaci\u00f3n en Acci\u00f3n:\u00a0 C\u00f3mo el Modelado BIM Revoluciona la Construcci\u00f3n El mundo de la arquitectura y la construcci\u00f3n ha experimentado una transformaci\u00f3n disruptiva gracias al Modelado de Informaci\u00f3n de Construcci\u00f3n (BIM). Esta metodolog\u00eda ha revolucionado la forma en que se conciben y ejecutan los proyectos en la industria de la construcci\u00f3n, llevando la innovaci\u00f3n a [&hellip;]<\/p>\n","protected":false},"author":2,"featured_media":0,"parent":0,"menu_order":0,"comment_status":"closed","ping_status":"closed","template":"","meta":{"_monsterinsights_skip_tracking":false,"_monsterinsights_sitenote_active":false,"_monsterinsights_sitenote_note":"","_monsterinsights_sitenote_category":0,"footnotes":""},"class_list":["post-402","page","type-page","status-publish","hentry"],"aioseo_notices":[],"_links":{"self":[{"href":"https:\/\/planozeta.com\/index.php\/wp-json\/wp\/v2\/pages\/402","targetHints":{"allow":["GET"]}}],"collection":[{"href":"https:\/\/planozeta.com\/index.php\/wp-json\/wp\/v2\/pages"}],"about":[{"href":"https:\/\/planozeta.com\/index.php\/wp-json\/wp\/v2\/types\/page"}],"author":[{"embeddable":true,"href":"https:\/\/planozeta.com\/index.php\/wp-json\/wp\/v2\/users\/2"}],"replies":[{"embeddable":true,"href":"https:\/\/planozeta.com\/index.php\/wp-json\/wp\/v2\/comments?post=402"}],"version-history":[{"count":12,"href":"https:\/\/planozeta.com\/index.php\/wp-json\/wp\/v2\/pages\/402\/revisions"}],"predecessor-version":[{"id":636,"href":"https:\/\/planozeta.com\/index.php\/wp-json\/wp\/v2\/pages\/402\/revisions\/636"}],"wp:attachment":[{"href":"https:\/\/planozeta.com\/index.php\/wp-json\/wp\/v2\/media?parent=402"}],"curies":[{"name":"wp","href":"https:\/\/api.w.org\/{rel}","templated":true}]}}