{"id":412,"date":"2023-10-30T16:52:48","date_gmt":"2023-10-30T21:52:48","guid":{"rendered":"https:\/\/planozeta.com\/?page_id=412"},"modified":"2023-11-03T19:33:00","modified_gmt":"2023-11-04T00:33:00","slug":"elementor-412","status":"publish","type":"page","link":"https:\/\/planozeta.com\/index.php\/elementor-412\/","title":{"rendered":"Blog &#8211; El impacto de la realidad virtual en el dise\u00f1o arquitect\u00f3nico"},"content":{"rendered":"\t\t<div data-elementor-type=\"wp-page\" data-elementor-id=\"412\" class=\"elementor elementor-412\">\n\t\t\t\t<div class=\"elementor-element elementor-element-d3b2cba e-flex e-con-boxed e-con e-parent\" data-id=\"d3b2cba\" data-element_type=\"container\">\n\t\t\t\t\t<div class=\"e-con-inner\">\n\t\t<div class=\"elementor-element elementor-element-89fca7c e-con-full e-flex e-con e-child\" data-id=\"89fca7c\" data-element_type=\"container\">\n\t\t\t\t<div class=\"elementor-element elementor-element-2b12e85 elementor-widget elementor-widget-text-editor\" data-id=\"2b12e85\" data-element_type=\"widget\" data-widget_type=\"text-editor.default\">\n\t\t\t\t<div class=\"elementor-widget-container\">\n\t\t\t<style>\/*! elementor - v3.23.0 - 25-07-2024 *\/\n.elementor-widget-text-editor.elementor-drop-cap-view-stacked .elementor-drop-cap{background-color:#69727d;color:#fff}.elementor-widget-text-editor.elementor-drop-cap-view-framed .elementor-drop-cap{color:#69727d;border:3px solid;background-color:transparent}.elementor-widget-text-editor:not(.elementor-drop-cap-view-default) .elementor-drop-cap{margin-top:8px}.elementor-widget-text-editor:not(.elementor-drop-cap-view-default) .elementor-drop-cap-letter{width:1em;height:1em}.elementor-widget-text-editor .elementor-drop-cap{float:left;text-align:center;line-height:1;font-size:50px}.elementor-widget-text-editor .elementor-drop-cap-letter{display:inline-block}<\/style>\t\t\t\t<h1><span style=\"color: #ffffff;\"><strong>El Impacto de la Realidad Virtual en el Dise\u00f1o Arquitect\u00f3nico<\/strong><\/span><\/h1>\t\t\t\t\t\t<\/div>\n\t\t\t\t<\/div>\n\t\t\t\t<div class=\"elementor-element elementor-element-7c401bd6 elementor-widget elementor-widget-text-editor\" data-id=\"7c401bd6\" data-element_type=\"widget\" data-widget_type=\"text-editor.default\">\n\t\t\t\t<div class=\"elementor-widget-container\">\n\t\t\t\t\t\t\t<h5><span style=\"font-weight: 400; color: #ffffff;\">La innovaci\u00f3n tecnol\u00f3gica ha desencadenado una revoluci\u00f3n en el mundo del dise\u00f1o arquitect\u00f3nico. En este contexto, la realidad virtual se ha erigido como un potente aliado, transformando la manera en que se toman decisiones en la configuraci\u00f3n de espacios y estructuras.<\/span><\/h5>\t\t\t\t\t\t<\/div>\n\t\t\t\t<\/div>\n\t\t\t\t<\/div>\n\t\t<div class=\"elementor-element elementor-element-ce4e195 e-con-full e-flex e-con e-child\" data-id=\"ce4e195\" data-element_type=\"container\">\n\t\t\t\t<\/div>\n\t\t\t\t\t<\/div>\n\t\t\t\t<\/div>\n\t\t<div class=\"elementor-element elementor-element-9b9976b e-flex e-con-boxed e-con e-parent\" data-id=\"9b9976b\" data-element_type=\"container\">\n\t\t\t\t\t<div class=\"e-con-inner\">\n\t\t\t\t<div class=\"elementor-element elementor-element-09a1cd0 elementor-widget elementor-widget-text-editor\" data-id=\"09a1cd0\" data-element_type=\"widget\" data-widget_type=\"text-editor.default\">\n\t\t\t\t<div class=\"elementor-widget-container\">\n\t\t\t\t\t\t\t<h5><span style=\"font-weight: 400; color: #000000;\">La capacidad de visualizar, experimentar y ajustar dise\u00f1os en un entorno virtual ha\u00a0<\/span><span style=\"font-weight: 400; color: #000000;\">adquirido un peso significativo en la toma de decisiones durante el proceso de dise\u00f1o arquitect\u00f3nico. La realidad virtual ofrece la oportunidad de explorar una representaci\u00f3n tridimensional detallada, sumergiendo a los arquitectos, dise\u00f1adores y clientes en entornos realistas antes de que las bases de un proyecto sean f\u00edsicamente erigidas.<\/span><\/h5>\t\t\t\t\t\t<\/div>\n\t\t\t\t<\/div>\n\t\t\t\t\t<\/div>\n\t\t\t\t<\/div>\n\t\t<div class=\"elementor-element elementor-element-834a9bc e-flex e-con-boxed e-con e-parent\" data-id=\"834a9bc\" data-element_type=\"container\">\n\t\t\t\t\t<div class=\"e-con-inner\">\n\t\t<div class=\"elementor-element elementor-element-c312297 e-con-full e-flex e-con e-child\" data-id=\"c312297\" data-element_type=\"container\">\n\t\t\t\t<div class=\"elementor-element elementor-element-84e1a6b elementor-widget elementor-widget-text-editor\" data-id=\"84e1a6b\" data-element_type=\"widget\" data-widget_type=\"text-editor.default\">\n\t\t\t\t<div class=\"elementor-widget-container\">\n\t\t\t\t\t\t\t<h5><span style=\"font-weight: 400; color: #000000;\">Este avance tecnol\u00f3gico no solo mejora la capacidad de presentar y compartir dise\u00f1os, sino que influye directamente en la toma de decisiones, permitiendo a los implicados experimentar la sensaci\u00f3n del espacio, la disposici\u00f3n de elementos y la interacci\u00f3n con la luz y los materiales.<\/span><\/h5><h5><span style=\"font-weight: 400; color: #000000;\">A continuaci\u00f3n algunos de los principales beneficios de implementar la realidad virtual en el dise\u00f1o arquitect\u00f3nico:<\/span><\/h5>\t\t\t\t\t\t<\/div>\n\t\t\t\t<\/div>\n\t\t\t\t<\/div>\n\t\t<div class=\"elementor-element elementor-element-2426c2c e-con-full e-flex e-con e-child\" data-id=\"2426c2c\" data-element_type=\"container\">\n\t\t\t\t<div class=\"elementor-element elementor-element-c456a10 elementor-widget elementor-widget-image\" data-id=\"c456a10\" data-element_type=\"widget\" data-widget_type=\"image.default\">\n\t\t\t\t<div class=\"elementor-widget-container\">\n\t\t\t<style>\/*! elementor - v3.23.0 - 25-07-2024 *\/\n.elementor-widget-image{text-align:center}.elementor-widget-image a{display:inline-block}.elementor-widget-image a img[src$=\".svg\"]{width:48px}.elementor-widget-image img{vertical-align:middle;display:inline-block}<\/style>\t\t\t\t\t\t\t\t\t\t<img fetchpriority=\"high\" decoding=\"async\" width=\"768\" height=\"432\" src=\"https:\/\/planozeta.com\/wp-content\/uploads\/2023\/10\/GetPaidStock.com-64c6e6e7a8403-768x432.jpg\" class=\"attachment-medium_large size-medium_large wp-image-53\" alt=\"\" srcset=\"https:\/\/planozeta.com\/wp-content\/uploads\/2023\/10\/GetPaidStock.com-64c6e6e7a8403-768x432.jpg 768w, https:\/\/planozeta.com\/wp-content\/uploads\/2023\/10\/GetPaidStock.com-64c6e6e7a8403-300x169.jpg 300w, https:\/\/planozeta.com\/wp-content\/uploads\/2023\/10\/GetPaidStock.com-64c6e6e7a8403.jpg 1024w\" sizes=\"(max-width: 768px) 100vw, 768px\" \/>\t\t\t\t\t\t\t\t\t\t\t\t\t<\/div>\n\t\t\t\t<\/div>\n\t\t\t\t<\/div>\n\t\t\t\t\t<\/div>\n\t\t\t\t<\/div>\n\t\t<div class=\"elementor-element elementor-element-68e2ad81 e-flex e-con-boxed e-con e-parent\" data-id=\"68e2ad81\" data-element_type=\"container\">\n\t\t\t\t\t<div class=\"e-con-inner\">\n\t\t\t\t<div class=\"elementor-element elementor-element-1bfbe9af elementor-widget elementor-widget-text-editor\" data-id=\"1bfbe9af\" data-element_type=\"widget\" data-widget_type=\"text-editor.default\">\n\t\t\t\t<div class=\"elementor-widget-container\">\n\t\t\t\t\t\t\t<h5><span style=\"font-weight: 400; color: #000000;\">Visualizaci\u00f3n Inmersiva: Experiencia envolvente en dise\u00f1os 3D para una comprensi\u00f3n realista.<\/span><\/h5><h5><span style=\"font-weight: 400; color: #000000;\">Toma de Decisiones Precisas: Facilita ajustes y cambios anticipados, antes de la construcci\u00f3n.<\/span><\/h5><h5><span style=\"font-weight: 400; color: #000000;\">Ahorro de Costos y Tiempo: Reducci\u00f3n de gastos al evitar prototipos f\u00edsicos y optimizar procesos.<\/span><\/h5><h5><span style=\"font-weight: 400; color: #000000;\">Comunicaci\u00f3n Efectiva: Facilita discusiones m\u00e1s claras y alineadas entre los involucrados.<\/span><\/h5><h5><span style=\"font-weight: 400; color: #000000;\">Experimentaci\u00f3n Creativa: Fomenta la exploraci\u00f3n de ideas y opciones creativas.<\/span><\/h5><h5><span style=\"font-weight: 400; color: #000000;\">Reducci\u00f3n de Errores: Identificaci\u00f3n temprana y soluci\u00f3n de problemas potenciales.<\/span><\/h5><h5><span style=\"font-weight: 400; color: #000000;\">Cliente Satisfecho: Brinda una experiencia personalizada y garantiza expectativas cumplidas.<\/span><\/h5>\t\t\t\t\t\t<\/div>\n\t\t\t\t<\/div>\n\t\t\t\t\t<\/div>\n\t\t\t\t<\/div>\n\t\t<div class=\"elementor-element elementor-element-b1c05ac e-flex e-con-boxed e-con e-parent\" data-id=\"b1c05ac\" data-element_type=\"container\">\n\t\t\t\t\t<div class=\"e-con-inner\">\n\t\t\t\t<div class=\"elementor-element elementor-element-613aa66 elementor-widget elementor-widget-image\" data-id=\"613aa66\" data-element_type=\"widget\" data-widget_type=\"image.default\">\n\t\t\t\t<div class=\"elementor-widget-container\">\n\t\t\t\t\t\t\t\t\t\t\t\t\t<img decoding=\"async\" width=\"768\" height=\"432\" src=\"https:\/\/planozeta.com\/wp-content\/uploads\/2023\/10\/GetPaidStock.com-64c6dc374d202-768x432.jpg\" class=\"attachment-medium_large size-medium_large wp-image-586\" alt=\"\" srcset=\"https:\/\/planozeta.com\/wp-content\/uploads\/2023\/10\/GetPaidStock.com-64c6dc374d202-768x432.jpg 768w, https:\/\/planozeta.com\/wp-content\/uploads\/2023\/10\/GetPaidStock.com-64c6dc374d202-300x169.jpg 300w, https:\/\/planozeta.com\/wp-content\/uploads\/2023\/10\/GetPaidStock.com-64c6dc374d202.jpg 1024w\" sizes=\"(max-width: 768px) 100vw, 768px\" \/>\t\t\t\t\t\t\t\t\t\t\t\t\t<\/div>\n\t\t\t\t<\/div>\n\t\t\t\t\t<\/div>\n\t\t\t\t<\/div>\n\t\t<div class=\"elementor-element elementor-element-0cf3988 e-flex e-con-boxed e-con e-parent\" data-id=\"0cf3988\" data-element_type=\"container\">\n\t\t\t\t\t<div class=\"e-con-inner\">\n\t\t\t\t<div class=\"elementor-element elementor-element-41966ef elementor-widget elementor-widget-text-editor\" data-id=\"41966ef\" data-element_type=\"widget\" data-widget_type=\"text-editor.default\">\n\t\t\t\t<div class=\"elementor-widget-container\">\n\t\t\t\t\t\t\t<h5><span style=\"font-weight: 400; color: #000000;\">En el universo del dise\u00f1o arquitect\u00f3nico, esta tecnolog\u00eda desata la imaginaci\u00f3n y potencia la creatividad. Es el faro que gu\u00eda a arquitectos, dise\u00f1adores y clientes a trav\u00e9s de un viaje por un paisaje ilimitado de posibilidades. \u00bfTe unes a esta odisea? Descubre c\u00f3mo la realidad virtual est\u00e1 moldeando el mundo a medida que desafiamos las fronteras de lo convencional y damos vida a los proyectos desde su concepci\u00f3n hasta la realidad.\u00a0<\/span><\/h5>\t\t\t\t\t\t<\/div>\n\t\t\t\t<\/div>\n\t\t\t\t\t<\/div>\n\t\t\t\t<\/div>\n\t\t<div class=\"elementor-element elementor-element-698e5b7 e-flex e-con-boxed e-con e-parent\" data-id=\"698e5b7\" data-element_type=\"container\" data-settings=\"{&quot;background_background&quot;:&quot;classic&quot;}\">\n\t\t\t\t\t<div class=\"e-con-inner\">\n\t\t\t\t<div class=\"elementor-element elementor-element-0f739eb elementor-widget elementor-widget-text-editor\" data-id=\"0f739eb\" data-element_type=\"widget\" data-widget_type=\"text-editor.default\">\n\t\t\t\t<div class=\"elementor-widget-container\">\n\t\t\t\t\t\t\t<h1 style=\"text-align: center;\"><span style=\"color: #000000;\">\u00bfPreparado para vivir la experiencia que transforma el dise\u00f1o en un universo inmersivo?<\/span><\/h1>\t\t\t\t\t\t<\/div>\n\t\t\t\t<\/div>\n\t\t\t\t<div class=\"elementor-element elementor-element-ebb6ae8 elementor-widget elementor-widget-text-editor\" data-id=\"ebb6ae8\" data-element_type=\"widget\" data-widget_type=\"text-editor.default\">\n\t\t\t\t<div class=\"elementor-widget-container\">\n\t\t\t\t\t\t\t<h3 style=\"text-align: center;\"><span style=\"font-weight: 400; color: #000000;\">El viaje apenas ha comenzado. \u00a1La realidad virtual te invita a explorar un horizonte de infinitas oportunidades!<\/span><\/h3>\t\t\t\t\t\t<\/div>\n\t\t\t\t<\/div>\n\t\t\t\t<div class=\"elementor-element elementor-element-8d6275a elementor-align-center elementor-widget elementor-widget-button\" data-id=\"8d6275a\" data-element_type=\"widget\" data-widget_type=\"button.default\">\n\t\t\t\t<div class=\"elementor-widget-container\">\n\t\t\t\t\t<div class=\"elementor-button-wrapper\">\n\t\t\t<a class=\"elementor-button elementor-button-link elementor-size-md\" href=\"#\">\n\t\t\t\t\t\t<span class=\"elementor-button-content-wrapper\">\n\t\t\t\t\t\t\t\t\t<span class=\"elementor-button-text\">Saber m\u00e1s<\/span>\n\t\t\t\t\t<\/span>\n\t\t\t\t\t<\/a>\n\t\t<\/div>\n\t\t\t\t<\/div>\n\t\t\t\t<\/div>\n\t\t\t\t\t<\/div>\n\t\t\t\t<\/div>\n\t\t\t\t<\/div>\n\t\t","protected":false},"excerpt":{"rendered":"<p>El Impacto de la Realidad Virtual en el Dise\u00f1o Arquitect\u00f3nico La innovaci\u00f3n tecnol\u00f3gica ha desencadenado una revoluci\u00f3n en el mundo del dise\u00f1o arquitect\u00f3nico. En este contexto, la realidad virtual se ha erigido como un potente aliado, transformando la manera en que se toman decisiones en la configuraci\u00f3n de espacios y estructuras. La capacidad de visualizar, [&hellip;]<\/p>\n","protected":false},"author":2,"featured_media":0,"parent":0,"menu_order":0,"comment_status":"closed","ping_status":"closed","template":"","meta":{"_monsterinsights_skip_tracking":false,"_monsterinsights_sitenote_active":false,"_monsterinsights_sitenote_note":"","_monsterinsights_sitenote_category":0,"footnotes":""},"class_list":["post-412","page","type-page","status-publish","hentry"],"aioseo_notices":[],"_links":{"self":[{"href":"https:\/\/planozeta.com\/index.php\/wp-json\/wp\/v2\/pages\/412","targetHints":{"allow":["GET"]}}],"collection":[{"href":"https:\/\/planozeta.com\/index.php\/wp-json\/wp\/v2\/pages"}],"about":[{"href":"https:\/\/planozeta.com\/index.php\/wp-json\/wp\/v2\/types\/page"}],"author":[{"embeddable":true,"href":"https:\/\/planozeta.com\/index.php\/wp-json\/wp\/v2\/users\/2"}],"replies":[{"embeddable":true,"href":"https:\/\/planozeta.com\/index.php\/wp-json\/wp\/v2\/comments?post=412"}],"version-history":[{"count":9,"href":"https:\/\/planozeta.com\/index.php\/wp-json\/wp\/v2\/pages\/412\/revisions"}],"predecessor-version":[{"id":641,"href":"https:\/\/planozeta.com\/index.php\/wp-json\/wp\/v2\/pages\/412\/revisions\/641"}],"wp:attachment":[{"href":"https:\/\/planozeta.com\/index.php\/wp-json\/wp\/v2\/media?parent=412"}],"curies":[{"name":"wp","href":"https:\/\/api.w.org\/{rel}","templated":true}]}}